{"id":1159,"date":"2015-07-07T09:40:48","date_gmt":"2015-07-07T07:40:48","guid":{"rendered":"http:\/\/visilab.etsii.uclm.es\/?page_id=1159"},"modified":"2015-07-21T09:17:56","modified_gmt":"2015-07-21T07:17:56","slug":"face-detector-for-depth-images","status":"publish","type":"page","link":"http:\/\/visilab.etsii.uclm.es\/?page_id=1159","title":{"rendered":"Face Detector for Depth Images"},"content":{"rendered":"<h1>Face Detector for Depth Images<\/h1>\n<p>We have built a face detector for Kinect depth images. OpenCV was used to generate a cascade-based Viola-Jones face detector on depth images taken from the BIWI dataset.<\/p>\n<p>Currently it has a 96% detection rate with a 5% false positive rate.<\/p>\n<p>Please <a href=\"http:\/\/eepurl.com\/bqFUL1\" target=\"_blank\">contact us<\/a> if you want to use the detector.<\/p>\n<p><img decoding=\"async\" src=\"http:\/\/visilab.etsii.uclm.es\/wp-content\/uploads\/2015\/07\/Detectordecaras.jpg\" alt=\"Detector de caras\" align=\"center\" \/><\/p>\n<p>&nbsp;<br \/>\n<a name=\"esp\"><\/a><br \/>\n&nbsp;<\/p>\n<p>&nbsp;<\/p>\n<h1>Detector de caras para im\u00e1genes de profundidad<\/h1>\n<p>Hemos generado un detector de caras para im\u00e1genes de profundidad de la c\u00e1mara Kinect. Se us\u00f3 OpenCV para generar una cascade de Viola-Jones sobre im\u00e1genes de profundidad de la base de im\u00e1genes BIWI.<\/p>\n<p>Actualmente tiene una tasa de detecci\u00f3n del 96% con una tasa de falsos positivos del 5%.<\/p>\n<p><a href=\"http:\/\/eepurl.com\/bqFUL1\" target=\"_blank\">Contacta con nosotros<\/a> si quieres usar el detector en tus proyectos.<\/p>\n","protected":false},"excerpt":{"rendered":"<p>Face Detector for Depth Images We have built a face detector for Kinect depth images. OpenCV was used to generate a cascade-based Viola-Jones face detector on depth images taken from the BIWI dataset. Currently it has a 96% detection rate with a 5% false positive rate. Please contact us if you want to use the [&hellip;]<\/p>\n","protected":false},"author":3,"featured_media":0,"parent":1065,"menu_order":0,"comment_status":"closed","ping_status":"closed","template":"page-templates\/page-full-width.php","meta":{"jetpack_post_was_ever_published":false,"footnotes":"","_links_to":"","_links_to_target":""},"class_list":["post-1159","page","type-page","status-publish","hentry"],"yoast_head":"<!-- This site is optimized with the Yoast SEO plugin v26.4 - https:\/\/yoast.com\/wordpress\/plugins\/seo\/ -->\n<title>Face Detector | Oscar Deniz | Visilab<\/title>\n<meta name=\"description\" content=\"We have built a face detector for Kinect depth images. OpenCV was used to generate a cascade-based Viola-Jones face detector on depth images taken from the BIWI dataset.\" \/>\n<meta name=\"robots\" content=\"index, follow, max-snippet:-1, max-image-preview:large, max-video-preview:-1\" \/>\n<link rel=\"canonical\" href=\"http:\/\/visilab.etsii.uclm.es\/?page_id=1159\" \/>\n<meta property=\"og:locale\" content=\"es_ES\" \/>\n<meta property=\"og:type\" content=\"article\" \/>\n<meta property=\"og:title\" content=\"Face Detector | Oscar Deniz | Visilab\" \/>\n<meta property=\"og:description\" content=\"We have built a face detector for Kinect depth images. OpenCV was used to generate a cascade-based Viola-Jones face detector on depth images taken from the BIWI dataset.\" \/>\n<meta property=\"og:url\" content=\"http:\/\/visilab.etsii.uclm.es\/?page_id=1159\" \/>\n<meta property=\"og:site_name\" content=\"VISILAB\" \/>\n<meta property=\"article:modified_time\" content=\"2015-07-21T07:17:56+00:00\" \/>\n<meta property=\"og:image\" content=\"http:\/\/visilab.etsii.uclm.es\/wp-content\/uploads\/2015\/07\/Detectordecaras.jpg\" \/>\n<meta name=\"twitter:card\" content=\"summary_large_image\" \/>\n<meta name=\"twitter:site\" content=\"@GrupoVisilab\" \/>\n<meta name=\"twitter:label1\" content=\"Tiempo de lectura\" \/>\n\t<meta name=\"twitter:data1\" content=\"1 minuto\" \/>\n<script type=\"application\/ld+json\" class=\"yoast-schema-graph\">{\"@context\":\"https:\/\/schema.org\",\"@graph\":[{\"@type\":\"WebPage\",\"@id\":\"http:\/\/visilab.etsii.uclm.es\/?page_id=1159\",\"url\":\"http:\/\/visilab.etsii.uclm.es\/?page_id=1159\",\"name\":\"Face Detector | Oscar Deniz | Visilab\",\"isPartOf\":{\"@id\":\"http:\/\/visilab.etsii.uclm.es\/#website\"},\"primaryImageOfPage\":{\"@id\":\"http:\/\/visilab.etsii.uclm.es\/?page_id=1159#primaryimage\"},\"image\":{\"@id\":\"http:\/\/visilab.etsii.uclm.es\/?page_id=1159#primaryimage\"},\"thumbnailUrl\":\"http:\/\/visilab.etsii.uclm.es\/wp-content\/uploads\/2015\/07\/Detectordecaras.jpg\",\"datePublished\":\"2015-07-07T07:40:48+00:00\",\"dateModified\":\"2015-07-21T07:17:56+00:00\",\"description\":\"We have built a face detector for Kinect depth images. OpenCV was used to generate a cascade-based Viola-Jones face detector on depth images taken from the BIWI dataset.\",\"breadcrumb\":{\"@id\":\"http:\/\/visilab.etsii.uclm.es\/?page_id=1159#breadcrumb\"},\"inLanguage\":\"es\",\"potentialAction\":[{\"@type\":\"ReadAction\",\"target\":[\"http:\/\/visilab.etsii.uclm.es\/?page_id=1159\"]}]},{\"@type\":\"ImageObject\",\"inLanguage\":\"es\",\"@id\":\"http:\/\/visilab.etsii.uclm.es\/?page_id=1159#primaryimage\",\"url\":\"http:\/\/visilab.etsii.uclm.es\/wp-content\/uploads\/2015\/07\/Detectordecaras.jpg\",\"contentUrl\":\"http:\/\/visilab.etsii.uclm.es\/wp-content\/uploads\/2015\/07\/Detectordecaras.jpg\"},{\"@type\":\"BreadcrumbList\",\"@id\":\"http:\/\/visilab.etsii.uclm.es\/?page_id=1159#breadcrumb\",\"itemListElement\":[{\"@type\":\"ListItem\",\"position\":1,\"name\":\"Portada\",\"item\":\"http:\/\/visilab.etsii.uclm.es\/?page_id=1029\"},{\"@type\":\"ListItem\",\"position\":2,\"name\":\"Oscar Deniz &#8211; eng\",\"item\":\"http:\/\/visilab.etsii.uclm.es\/?page_id=1065\"},{\"@type\":\"ListItem\",\"position\":3,\"name\":\"Face Detector for Depth Images\"}]},{\"@type\":\"WebSite\",\"@id\":\"http:\/\/visilab.etsii.uclm.es\/#website\",\"url\":\"http:\/\/visilab.etsii.uclm.es\/\",\"name\":\"VISILAB\",\"description\":\"Grupo de Visi\u00f3n y Sistemas Inteligentes UCLM\",\"potentialAction\":[{\"@type\":\"SearchAction\",\"target\":{\"@type\":\"EntryPoint\",\"urlTemplate\":\"http:\/\/visilab.etsii.uclm.es\/?s={search_term_string}\"},\"query-input\":{\"@type\":\"PropertyValueSpecification\",\"valueRequired\":true,\"valueName\":\"search_term_string\"}}],\"inLanguage\":\"es\"}]}<\/script>\n<!-- \/ Yoast SEO plugin. -->","yoast_head_json":{"title":"Face Detector | Oscar Deniz | Visilab","description":"We have built a face detector for Kinect depth images. OpenCV was used to generate a cascade-based Viola-Jones face detector on depth images taken from the BIWI dataset.","robots":{"index":"index","follow":"follow","max-snippet":"max-snippet:-1","max-image-preview":"max-image-preview:large","max-video-preview":"max-video-preview:-1"},"canonical":"http:\/\/visilab.etsii.uclm.es\/?page_id=1159","og_locale":"es_ES","og_type":"article","og_title":"Face Detector | Oscar Deniz | Visilab","og_description":"We have built a face detector for Kinect depth images. OpenCV was used to generate a cascade-based Viola-Jones face detector on depth images taken from the BIWI dataset.","og_url":"http:\/\/visilab.etsii.uclm.es\/?page_id=1159","og_site_name":"VISILAB","article_modified_time":"2015-07-21T07:17:56+00:00","og_image":[{"url":"http:\/\/visilab.etsii.uclm.es\/wp-content\/uploads\/2015\/07\/Detectordecaras.jpg","type":"","width":"","height":""}],"twitter_card":"summary_large_image","twitter_site":"@GrupoVisilab","twitter_misc":{"Tiempo de lectura":"1 minuto"},"schema":{"@context":"https:\/\/schema.org","@graph":[{"@type":"WebPage","@id":"http:\/\/visilab.etsii.uclm.es\/?page_id=1159","url":"http:\/\/visilab.etsii.uclm.es\/?page_id=1159","name":"Face Detector | Oscar Deniz | Visilab","isPartOf":{"@id":"http:\/\/visilab.etsii.uclm.es\/#website"},"primaryImageOfPage":{"@id":"http:\/\/visilab.etsii.uclm.es\/?page_id=1159#primaryimage"},"image":{"@id":"http:\/\/visilab.etsii.uclm.es\/?page_id=1159#primaryimage"},"thumbnailUrl":"http:\/\/visilab.etsii.uclm.es\/wp-content\/uploads\/2015\/07\/Detectordecaras.jpg","datePublished":"2015-07-07T07:40:48+00:00","dateModified":"2015-07-21T07:17:56+00:00","description":"We have built a face detector for Kinect depth images. OpenCV was used to generate a cascade-based Viola-Jones face detector on depth images taken from the BIWI dataset.","breadcrumb":{"@id":"http:\/\/visilab.etsii.uclm.es\/?page_id=1159#breadcrumb"},"inLanguage":"es","potentialAction":[{"@type":"ReadAction","target":["http:\/\/visilab.etsii.uclm.es\/?page_id=1159"]}]},{"@type":"ImageObject","inLanguage":"es","@id":"http:\/\/visilab.etsii.uclm.es\/?page_id=1159#primaryimage","url":"http:\/\/visilab.etsii.uclm.es\/wp-content\/uploads\/2015\/07\/Detectordecaras.jpg","contentUrl":"http:\/\/visilab.etsii.uclm.es\/wp-content\/uploads\/2015\/07\/Detectordecaras.jpg"},{"@type":"BreadcrumbList","@id":"http:\/\/visilab.etsii.uclm.es\/?page_id=1159#breadcrumb","itemListElement":[{"@type":"ListItem","position":1,"name":"Portada","item":"http:\/\/visilab.etsii.uclm.es\/?page_id=1029"},{"@type":"ListItem","position":2,"name":"Oscar Deniz &#8211; eng","item":"http:\/\/visilab.etsii.uclm.es\/?page_id=1065"},{"@type":"ListItem","position":3,"name":"Face Detector for Depth Images"}]},{"@type":"WebSite","@id":"http:\/\/visilab.etsii.uclm.es\/#website","url":"http:\/\/visilab.etsii.uclm.es\/","name":"VISILAB","description":"Grupo de Visi\u00f3n y Sistemas Inteligentes UCLM","potentialAction":[{"@type":"SearchAction","target":{"@type":"EntryPoint","urlTemplate":"http:\/\/visilab.etsii.uclm.es\/?s={search_term_string}"},"query-input":{"@type":"PropertyValueSpecification","valueRequired":true,"valueName":"search_term_string"}}],"inLanguage":"es"}]}},"jetpack_sharing_enabled":true,"jetpack_shortlink":"https:\/\/wp.me\/P5HIwh-iH","_links":{"self":[{"href":"http:\/\/visilab.etsii.uclm.es\/index.php?rest_route=\/wp\/v2\/pages\/1159","targetHints":{"allow":["GET"]}}],"collection":[{"href":"http:\/\/visilab.etsii.uclm.es\/index.php?rest_route=\/wp\/v2\/pages"}],"about":[{"href":"http:\/\/visilab.etsii.uclm.es\/index.php?rest_route=\/wp\/v2\/types\/page"}],"author":[{"embeddable":true,"href":"http:\/\/visilab.etsii.uclm.es\/index.php?rest_route=\/wp\/v2\/users\/3"}],"replies":[{"embeddable":true,"href":"http:\/\/visilab.etsii.uclm.es\/index.php?rest_route=%2Fwp%2Fv2%2Fcomments&post=1159"}],"version-history":[{"count":15,"href":"http:\/\/visilab.etsii.uclm.es\/index.php?rest_route=\/wp\/v2\/pages\/1159\/revisions"}],"predecessor-version":[{"id":1326,"href":"http:\/\/visilab.etsii.uclm.es\/index.php?rest_route=\/wp\/v2\/pages\/1159\/revisions\/1326"}],"up":[{"embeddable":true,"href":"http:\/\/visilab.etsii.uclm.es\/index.php?rest_route=\/wp\/v2\/pages\/1065"}],"wp:attachment":[{"href":"http:\/\/visilab.etsii.uclm.es\/index.php?rest_route=%2Fwp%2Fv2%2Fmedia&parent=1159"}],"curies":[{"name":"wp","href":"https:\/\/api.w.org\/{rel}","templated":true}]}}