{"id":1239,"date":"2015-07-16T11:19:48","date_gmt":"2015-07-16T09:19:48","guid":{"rendered":"http:\/\/visilab.etsii.uclm.es\/?page_id=1239"},"modified":"2015-07-21T09:24:41","modified_gmt":"2015-07-21T07:24:41","slug":"smile-detection-and-measurement-for-the-web","status":"publish","type":"page","link":"http:\/\/visilab.etsii.uclm.es\/?page_id=1239","title":{"rendered":"Smile Detection and Measurement for the Web"},"content":{"rendered":"<h1>Smile Detection and Measurement for the Web<\/h1>\n<p>We have developed a Flash-based smile detector that also measures smile intensity in real-time. This detector is Actionscript 3 code that can be integrated in web-based applications such as:<\/p>\n<p>Employee training and evaluation (i.e. hospitality training)<br \/>\nGames<br \/>\nVoIP call assesment<br \/>\nInteraction with avatars<br \/>\n&#8230;<br \/>\nThe technology is also availabe for mobile devices.<\/p>\n<p><img decoding=\"async\" src=\"http:\/\/visilab.etsii.uclm.es\/wp-content\/uploads\/2015\/07\/sonrisas.jpg\" alt=\"Smile Detection and Measurement for the Web\"  \/><\/p>\n<p><em>The Camtasia Studio video content presented here requires JavaScript to be enabled and the latest version of the Adobe Flash Player. If you are using a browser with JavaScript disabled please enable it now. Otherwise, please update your version of the free Adobe Flash Player by <a href=\"https:\/\/get.adobe.com\/es\/flashplayer\/\" target=\"_blank\">downloading here<\/a>.<\/em><br \/>\n&nbsp;<br \/>\n<a name=\"esp\"><\/a><br \/>\n&nbsp;<\/p>\n<p>&nbsp;<\/p>\n<h1>Detecci\u00f3n de sonrisas para la Web<\/h1>\n<p>Detector de sonrisas basado en tecnolog\u00eda Flash que tambi\u00e9n puede medir la intensidad de la misma en tiempo real. El detector es c\u00f3digo Actionscript 3 que puede integrarse en en aplicaciones web como por ejemplo:<\/p>\n<p>Entrenamiento y evaluaci\u00f3n de empleados que deben trabajar de cara al p\u00fablico<br \/>\nJuegos<br \/>\nValoraci\u00f3n de llamadas VoIP<br \/>\nInteracci\u00f3n con avatars<br \/>\n&#8230;<\/p>\n","protected":false},"excerpt":{"rendered":"<p>Smile Detection and Measurement for the Web We have developed a Flash-based smile detector that also measures smile intensity in real-time. This detector is Actionscript 3 code that can be integrated in web-based applications such as: Employee training and evaluation (i.e. hospitality training) Games VoIP call assesment Interaction with avatars &#8230; The technology is also [&hellip;]<\/p>\n","protected":false},"author":3,"featured_media":0,"parent":1065,"menu_order":0,"comment_status":"closed","ping_status":"closed","template":"page-templates\/page-full-width.php","meta":{"jetpack_post_was_ever_published":false,"footnotes":"","_links_to":"","_links_to_target":""},"class_list":["post-1239","page","type-page","status-publish","hentry"],"yoast_head":"<!-- This site is optimized with the Yoast SEO plugin v26.4 - https:\/\/yoast.com\/wordpress\/plugins\/seo\/ -->\n<title>Smile Detection and Measurement for the Web | Oscar Deniz | Visilab<\/title>\n<meta name=\"description\" content=\"We have developed a Flash-based smile detector that also measures smile intensity in real-time. This detector is Actionscript 3 code that can be integrated in web-based applications\" \/>\n<meta name=\"robots\" content=\"index, follow, max-snippet:-1, max-image-preview:large, max-video-preview:-1\" \/>\n<link rel=\"canonical\" href=\"http:\/\/visilab.etsii.uclm.es\/?page_id=1239\" \/>\n<meta property=\"og:locale\" content=\"es_ES\" \/>\n<meta property=\"og:type\" content=\"article\" \/>\n<meta property=\"og:title\" content=\"Smile Detection and Measurement for the Web | Oscar Deniz | Visilab\" \/>\n<meta property=\"og:description\" content=\"We have developed a Flash-based smile detector that also measures smile intensity in real-time. This detector is Actionscript 3 code that can be integrated in web-based applications\" \/>\n<meta property=\"og:url\" content=\"http:\/\/visilab.etsii.uclm.es\/?page_id=1239\" \/>\n<meta property=\"og:site_name\" content=\"VISILAB\" \/>\n<meta property=\"article:modified_time\" content=\"2015-07-21T07:24:41+00:00\" \/>\n<meta property=\"og:image\" content=\"http:\/\/visilab.etsii.uclm.es\/wp-content\/uploads\/2015\/07\/sonrisas.jpg\" \/>\n<meta name=\"twitter:card\" content=\"summary_large_image\" \/>\n<meta name=\"twitter:site\" content=\"@GrupoVisilab\" \/>\n<meta name=\"twitter:label1\" content=\"Tiempo de lectura\" \/>\n\t<meta name=\"twitter:data1\" content=\"1 minuto\" \/>\n<script type=\"application\/ld+json\" class=\"yoast-schema-graph\">{\"@context\":\"https:\/\/schema.org\",\"@graph\":[{\"@type\":\"WebPage\",\"@id\":\"http:\/\/visilab.etsii.uclm.es\/?page_id=1239\",\"url\":\"http:\/\/visilab.etsii.uclm.es\/?page_id=1239\",\"name\":\"Smile Detection and Measurement for the Web | Oscar Deniz | Visilab\",\"isPartOf\":{\"@id\":\"http:\/\/visilab.etsii.uclm.es\/#website\"},\"primaryImageOfPage\":{\"@id\":\"http:\/\/visilab.etsii.uclm.es\/?page_id=1239#primaryimage\"},\"image\":{\"@id\":\"http:\/\/visilab.etsii.uclm.es\/?page_id=1239#primaryimage\"},\"thumbnailUrl\":\"http:\/\/visilab.etsii.uclm.es\/wp-content\/uploads\/2015\/07\/sonrisas.jpg\",\"datePublished\":\"2015-07-16T09:19:48+00:00\",\"dateModified\":\"2015-07-21T07:24:41+00:00\",\"description\":\"We have developed a Flash-based smile detector that also measures smile intensity in real-time. This detector is Actionscript 3 code that can be integrated in web-based applications\",\"breadcrumb\":{\"@id\":\"http:\/\/visilab.etsii.uclm.es\/?page_id=1239#breadcrumb\"},\"inLanguage\":\"es\",\"potentialAction\":[{\"@type\":\"ReadAction\",\"target\":[\"http:\/\/visilab.etsii.uclm.es\/?page_id=1239\"]}]},{\"@type\":\"ImageObject\",\"inLanguage\":\"es\",\"@id\":\"http:\/\/visilab.etsii.uclm.es\/?page_id=1239#primaryimage\",\"url\":\"http:\/\/visilab.etsii.uclm.es\/wp-content\/uploads\/2015\/07\/sonrisas.jpg\",\"contentUrl\":\"http:\/\/visilab.etsii.uclm.es\/wp-content\/uploads\/2015\/07\/sonrisas.jpg\"},{\"@type\":\"BreadcrumbList\",\"@id\":\"http:\/\/visilab.etsii.uclm.es\/?page_id=1239#breadcrumb\",\"itemListElement\":[{\"@type\":\"ListItem\",\"position\":1,\"name\":\"Portada\",\"item\":\"http:\/\/visilab.etsii.uclm.es\/?page_id=1029\"},{\"@type\":\"ListItem\",\"position\":2,\"name\":\"Oscar Deniz &#8211; eng\",\"item\":\"http:\/\/visilab.etsii.uclm.es\/?page_id=1065\"},{\"@type\":\"ListItem\",\"position\":3,\"name\":\"Smile Detection and Measurement for the Web\"}]},{\"@type\":\"WebSite\",\"@id\":\"http:\/\/visilab.etsii.uclm.es\/#website\",\"url\":\"http:\/\/visilab.etsii.uclm.es\/\",\"name\":\"VISILAB\",\"description\":\"Grupo de Visi\u00f3n y Sistemas Inteligentes UCLM\",\"potentialAction\":[{\"@type\":\"SearchAction\",\"target\":{\"@type\":\"EntryPoint\",\"urlTemplate\":\"http:\/\/visilab.etsii.uclm.es\/?s={search_term_string}\"},\"query-input\":{\"@type\":\"PropertyValueSpecification\",\"valueRequired\":true,\"valueName\":\"search_term_string\"}}],\"inLanguage\":\"es\"}]}<\/script>\n<!-- \/ Yoast SEO plugin. -->","yoast_head_json":{"title":"Smile Detection and Measurement for the Web | Oscar Deniz | Visilab","description":"We have developed a Flash-based smile detector that also measures smile intensity in real-time. This detector is Actionscript 3 code that can be integrated in web-based applications","robots":{"index":"index","follow":"follow","max-snippet":"max-snippet:-1","max-image-preview":"max-image-preview:large","max-video-preview":"max-video-preview:-1"},"canonical":"http:\/\/visilab.etsii.uclm.es\/?page_id=1239","og_locale":"es_ES","og_type":"article","og_title":"Smile Detection and Measurement for the Web | Oscar Deniz | Visilab","og_description":"We have developed a Flash-based smile detector that also measures smile intensity in real-time. This detector is Actionscript 3 code that can be integrated in web-based applications","og_url":"http:\/\/visilab.etsii.uclm.es\/?page_id=1239","og_site_name":"VISILAB","article_modified_time":"2015-07-21T07:24:41+00:00","og_image":[{"url":"http:\/\/visilab.etsii.uclm.es\/wp-content\/uploads\/2015\/07\/sonrisas.jpg","type":"","width":"","height":""}],"twitter_card":"summary_large_image","twitter_site":"@GrupoVisilab","twitter_misc":{"Tiempo de lectura":"1 minuto"},"schema":{"@context":"https:\/\/schema.org","@graph":[{"@type":"WebPage","@id":"http:\/\/visilab.etsii.uclm.es\/?page_id=1239","url":"http:\/\/visilab.etsii.uclm.es\/?page_id=1239","name":"Smile Detection and Measurement for the Web | Oscar Deniz | Visilab","isPartOf":{"@id":"http:\/\/visilab.etsii.uclm.es\/#website"},"primaryImageOfPage":{"@id":"http:\/\/visilab.etsii.uclm.es\/?page_id=1239#primaryimage"},"image":{"@id":"http:\/\/visilab.etsii.uclm.es\/?page_id=1239#primaryimage"},"thumbnailUrl":"http:\/\/visilab.etsii.uclm.es\/wp-content\/uploads\/2015\/07\/sonrisas.jpg","datePublished":"2015-07-16T09:19:48+00:00","dateModified":"2015-07-21T07:24:41+00:00","description":"We have developed a Flash-based smile detector that also measures smile intensity in real-time. This detector is Actionscript 3 code that can be integrated in web-based applications","breadcrumb":{"@id":"http:\/\/visilab.etsii.uclm.es\/?page_id=1239#breadcrumb"},"inLanguage":"es","potentialAction":[{"@type":"ReadAction","target":["http:\/\/visilab.etsii.uclm.es\/?page_id=1239"]}]},{"@type":"ImageObject","inLanguage":"es","@id":"http:\/\/visilab.etsii.uclm.es\/?page_id=1239#primaryimage","url":"http:\/\/visilab.etsii.uclm.es\/wp-content\/uploads\/2015\/07\/sonrisas.jpg","contentUrl":"http:\/\/visilab.etsii.uclm.es\/wp-content\/uploads\/2015\/07\/sonrisas.jpg"},{"@type":"BreadcrumbList","@id":"http:\/\/visilab.etsii.uclm.es\/?page_id=1239#breadcrumb","itemListElement":[{"@type":"ListItem","position":1,"name":"Portada","item":"http:\/\/visilab.etsii.uclm.es\/?page_id=1029"},{"@type":"ListItem","position":2,"name":"Oscar Deniz &#8211; eng","item":"http:\/\/visilab.etsii.uclm.es\/?page_id=1065"},{"@type":"ListItem","position":3,"name":"Smile Detection and Measurement for the Web"}]},{"@type":"WebSite","@id":"http:\/\/visilab.etsii.uclm.es\/#website","url":"http:\/\/visilab.etsii.uclm.es\/","name":"VISILAB","description":"Grupo de Visi\u00f3n y Sistemas Inteligentes UCLM","potentialAction":[{"@type":"SearchAction","target":{"@type":"EntryPoint","urlTemplate":"http:\/\/visilab.etsii.uclm.es\/?s={search_term_string}"},"query-input":{"@type":"PropertyValueSpecification","valueRequired":true,"valueName":"search_term_string"}}],"inLanguage":"es"}]}},"jetpack_sharing_enabled":true,"jetpack_shortlink":"https:\/\/wp.me\/P5HIwh-jZ","_links":{"self":[{"href":"http:\/\/visilab.etsii.uclm.es\/index.php?rest_route=\/wp\/v2\/pages\/1239","targetHints":{"allow":["GET"]}}],"collection":[{"href":"http:\/\/visilab.etsii.uclm.es\/index.php?rest_route=\/wp\/v2\/pages"}],"about":[{"href":"http:\/\/visilab.etsii.uclm.es\/index.php?rest_route=\/wp\/v2\/types\/page"}],"author":[{"embeddable":true,"href":"http:\/\/visilab.etsii.uclm.es\/index.php?rest_route=\/wp\/v2\/users\/3"}],"replies":[{"embeddable":true,"href":"http:\/\/visilab.etsii.uclm.es\/index.php?rest_route=%2Fwp%2Fv2%2Fcomments&post=1239"}],"version-history":[{"count":7,"href":"http:\/\/visilab.etsii.uclm.es\/index.php?rest_route=\/wp\/v2\/pages\/1239\/revisions"}],"predecessor-version":[{"id":1327,"href":"http:\/\/visilab.etsii.uclm.es\/index.php?rest_route=\/wp\/v2\/pages\/1239\/revisions\/1327"}],"up":[{"embeddable":true,"href":"http:\/\/visilab.etsii.uclm.es\/index.php?rest_route=\/wp\/v2\/pages\/1065"}],"wp:attachment":[{"href":"http:\/\/visilab.etsii.uclm.es\/index.php?rest_route=%2Fwp%2Fv2%2Fmedia&parent=1239"}],"curies":[{"name":"wp","href":"https:\/\/api.w.org\/{rel}","templated":true}]}}