{"id":2283,"date":"2018-05-25T13:03:44","date_gmt":"2018-05-25T11:03:44","guid":{"rendered":"http:\/\/visilab.etsii.uclm.es\/?page_id=2283"},"modified":"2018-06-29T11:27:23","modified_gmt":"2018-06-29T09:27:23","slug":"politica-de-privacidad","status":"publish","type":"page","link":"http:\/\/visilab.etsii.uclm.es\/?page_id=2283","title":{"rendered":"Pol\u00edtica de privacidad"},"content":{"rendered":"<h2>VISILAB<\/h2>\n<p>La direcci\u00f3n de nuestra web es: http:\/\/visilab.etsii.uclm.es. Somos un grupo de Investigaci\u00f3n de la Universidad de Castilla-La Mancha, est\u00e1 constituido por profesores e investigadores del Departamento de Ingenier\u00eda El\u00e9ctrica, Electr\u00f3nica, Autom\u00e1tica y Comunicaciones.<\/p>\n<h2>Qu\u00e9 datos personales recogemos y por qu\u00e9 los recogemos<\/h2>\n<h3>Formularios de contacto<\/h3>\n<p>El formulario que est\u00e1 en la p\u00e1gina de Download recoge los datos necesario para contactar con las personas interesadas en el software que desarrolla VISILAB, los datos estar\u00e1n ubicados en los servidores de Mailchimp (proveedor de email marketing) a trav\u00e9s de su empresa The Rocket Science Group LLC, ubicada en EEUU. Mailchimp est\u00e1 acogido al acuerdo EU-US Privacy Shield, cuya informaci\u00f3n est\u00e1 disponible aqu\u00ed: https:\/\/www.privacyshield.gov\/list, aprobado por el Comit\u00e9 Europeo de Protecci\u00f3n de Datos. Ver pol\u00edtica de privacidad de Mailchimp https:\/\/mailchimp.com\/legal\/privacy\/. Podr\u00e1 ejercer sus derechos de acceso, rectificaci\u00f3n, limitaci\u00f3n y suprimir los datos.<\/p>\n<h3>Cookies<\/h3>\n<p>Este sitio web no usa cookies propias, usa las siguientes:<br \/>\nGoogle analytics: cuya finalidad es cuantificar el n\u00famero de usuarios y as\u00ed realizar la medici\u00f3n y an\u00e1lisis estad\u00edstico de la utilizaci\u00f3n que hacen los usuarios de los servicios prestados. Se trata de unas cookies gestionadas por Google, y contiene tanto cookies de sesi\u00f3n como persistentes. Puede encontrar m\u00e1s informaci\u00f3n sobre estas cookies visitando el siguiente enlace https:\/\/developers.google.com\/analytics\/devguides\/collection\/analyticsjs\/cookie-usage.<br \/>\nCookies de Redes Sociales: Cuya finalidad es proporcionar acceso a los servicios que Webartesanal ofrece en las mismas.<\/p>\n<h3>Contenido incrustado de otros sitios web<\/h3>\n<p>Los art\u00edculos de este sitio pueden incluir contenido incrustado (por ejemplo, v\u00eddeos de youtube, im\u00e1genes, art\u00edculos, etc.). El contenido incrustado de otras web se comporta exactamente de la misma manera que si el visitante hubiera visitado la otra web.<\/p>\n<p>Estas web pueden recopilar datos sobre ti, utilizar cookies, incrustar un seguimiento adicional de terceros, y supervisar tu interacci\u00f3n con ese contenido incrustado, incluido el seguimiento de su interacci\u00f3n con el contenido incrustado si tienes una cuenta y est\u00e1s conectado a esa web.<\/p>\n<h3>Anal\u00edtica<\/h3>\n<p>Utilizamos el servicio de Google Analytics para recopilar informaci\u00f3n est\u00e1ndar de registro de Internet y detalles de los patrones de comportamiento de los visitantes. Hacemos esto para descubrir cosas tales como la cantidad de visitantes a las distintas partes del sitio. Esta informaci\u00f3n solo se procesa de una manera que no identifica a nadie. No hacemos, y no permitimos que Google haga, ning\u00fan intento de averiguar las identidades de quienes visitan nuestro sitio web.<\/p>\n<h2>Con qui\u00e9n compartimos tus datos<\/h2>\n<p>No compartimos datos con ninguna empresa y no tenemos ning\u00fan fin comercial.<\/p>\n<h2>Cu\u00e1nto tiempo conservamos tus datos<\/h2>\n<p>Los usuarios que rellenen el formulario de Download tendr\u00e1n sus datos almacenados en Mailchimp y permanecen hasta que el usuario haga clic en el enlace de eliminar suscripci\u00f3n.<\/p>\n<h2>Qu\u00e9 derechos tienes sobre tus datos<\/h2>\n<p>Podr\u00e1 ejercer sus derechos de acceso, rectificaci\u00f3n, limitaci\u00f3n y suprimir los datos en cualquier momento.<\/p>\n<h2>Informaci\u00f3n de contacto<\/h2>\n<p>E.T.S. Ingenieros Industriales<br \/>\nVISILAB Grupo de Visi\u00f3n y Sistemas Inteligentes<br \/>\nAv. Camilo Jos\u00e9 Cela, s\/n<br \/>\n13071 Ciudad Real \u00b7 Espa\u00f1a<\/p>\n","protected":false},"excerpt":{"rendered":"<p>VISILAB La direcci\u00f3n de nuestra web es: http:\/\/visilab.etsii.uclm.es. Somos un grupo de Investigaci\u00f3n de la Universidad de Castilla-La Mancha, est\u00e1 constituido por profesores e investigadores del Departamento de Ingenier\u00eda El\u00e9ctrica, Electr\u00f3nica, Autom\u00e1tica y Comunicaciones. Qu\u00e9 datos personales recogemos y por qu\u00e9 los recogemos Formularios de contacto El formulario que est\u00e1 en la p\u00e1gina de Download [&hellip;]<\/p>\n","protected":false},"author":1,"featured_media":0,"parent":0,"menu_order":0,"comment_status":"closed","ping_status":"closed","template":"page-templates\/page-full-width.php","meta":{"jetpack_post_was_ever_published":false,"footnotes":"","_links_to":"","_links_to_target":""},"class_list":["post-2283","page","type-page","status-publish","hentry"],"yoast_head":"<!-- This site is optimized with the Yoast SEO plugin v26.4 - https:\/\/yoast.com\/wordpress\/plugins\/seo\/ -->\n<title>Pol\u00edtica de privacidad VISILAB<\/title>\n<meta name=\"robots\" content=\"index, follow, max-snippet:-1, max-image-preview:large, max-video-preview:-1\" \/>\n<link rel=\"canonical\" href=\"http:\/\/visilab.etsii.uclm.es\/?page_id=2283\" \/>\n<meta property=\"og:locale\" content=\"es_ES\" \/>\n<meta property=\"og:type\" content=\"article\" \/>\n<meta property=\"og:title\" content=\"Pol\u00edtica de privacidad VISILAB\" \/>\n<meta property=\"og:description\" content=\"VISILAB La direcci\u00f3n de nuestra web es: http:\/\/visilab.etsii.uclm.es. Somos un grupo de Investigaci\u00f3n de la Universidad de Castilla-La Mancha, est\u00e1 constituido por profesores e investigadores del Departamento de Ingenier\u00eda El\u00e9ctrica, Electr\u00f3nica, Autom\u00e1tica y Comunicaciones. Qu\u00e9 datos personales recogemos y por qu\u00e9 los recogemos Formularios de contacto El formulario que est\u00e1 en la p\u00e1gina de Download [&hellip;]\" \/>\n<meta property=\"og:url\" content=\"http:\/\/visilab.etsii.uclm.es\/?page_id=2283\" \/>\n<meta property=\"og:site_name\" content=\"VISILAB\" \/>\n<meta property=\"article:modified_time\" content=\"2018-06-29T09:27:23+00:00\" \/>\n<meta name=\"twitter:card\" content=\"summary_large_image\" \/>\n<meta name=\"twitter:site\" content=\"@GrupoVisilab\" \/>\n<meta name=\"twitter:label1\" content=\"Tiempo de lectura\" \/>\n\t<meta name=\"twitter:data1\" content=\"3 minutos\" \/>\n<script type=\"application\/ld+json\" class=\"yoast-schema-graph\">{\"@context\":\"https:\/\/schema.org\",\"@graph\":[{\"@type\":\"WebPage\",\"@id\":\"http:\/\/visilab.etsii.uclm.es\/?page_id=2283\",\"url\":\"http:\/\/visilab.etsii.uclm.es\/?page_id=2283\",\"name\":\"Pol\u00edtica de privacidad VISILAB\",\"isPartOf\":{\"@id\":\"http:\/\/visilab.etsii.uclm.es\/#website\"},\"datePublished\":\"2018-05-25T11:03:44+00:00\",\"dateModified\":\"2018-06-29T09:27:23+00:00\",\"breadcrumb\":{\"@id\":\"http:\/\/visilab.etsii.uclm.es\/?page_id=2283#breadcrumb\"},\"inLanguage\":\"es\",\"potentialAction\":[{\"@type\":\"ReadAction\",\"target\":[\"http:\/\/visilab.etsii.uclm.es\/?page_id=2283\"]}]},{\"@type\":\"BreadcrumbList\",\"@id\":\"http:\/\/visilab.etsii.uclm.es\/?page_id=2283#breadcrumb\",\"itemListElement\":[{\"@type\":\"ListItem\",\"position\":1,\"name\":\"Portada\",\"item\":\"http:\/\/visilab.etsii.uclm.es\/?page_id=1029\"},{\"@type\":\"ListItem\",\"position\":2,\"name\":\"Pol\u00edtica de privacidad\"}]},{\"@type\":\"WebSite\",\"@id\":\"http:\/\/visilab.etsii.uclm.es\/#website\",\"url\":\"http:\/\/visilab.etsii.uclm.es\/\",\"name\":\"VISILAB\",\"description\":\"Grupo de Visi\u00f3n y Sistemas Inteligentes UCLM\",\"potentialAction\":[{\"@type\":\"SearchAction\",\"target\":{\"@type\":\"EntryPoint\",\"urlTemplate\":\"http:\/\/visilab.etsii.uclm.es\/?s={search_term_string}\"},\"query-input\":{\"@type\":\"PropertyValueSpecification\",\"valueRequired\":true,\"valueName\":\"search_term_string\"}}],\"inLanguage\":\"es\"}]}<\/script>\n<!-- \/ Yoast SEO plugin. -->","yoast_head_json":{"title":"Pol\u00edtica de privacidad VISILAB","robots":{"index":"index","follow":"follow","max-snippet":"max-snippet:-1","max-image-preview":"max-image-preview:large","max-video-preview":"max-video-preview:-1"},"canonical":"http:\/\/visilab.etsii.uclm.es\/?page_id=2283","og_locale":"es_ES","og_type":"article","og_title":"Pol\u00edtica de privacidad VISILAB","og_description":"VISILAB La direcci\u00f3n de nuestra web es: http:\/\/visilab.etsii.uclm.es. Somos un grupo de Investigaci\u00f3n de la Universidad de Castilla-La Mancha, est\u00e1 constituido por profesores e investigadores del Departamento de Ingenier\u00eda El\u00e9ctrica, Electr\u00f3nica, Autom\u00e1tica y Comunicaciones. Qu\u00e9 datos personales recogemos y por qu\u00e9 los recogemos Formularios de contacto El formulario que est\u00e1 en la p\u00e1gina de Download [&hellip;]","og_url":"http:\/\/visilab.etsii.uclm.es\/?page_id=2283","og_site_name":"VISILAB","article_modified_time":"2018-06-29T09:27:23+00:00","twitter_card":"summary_large_image","twitter_site":"@GrupoVisilab","twitter_misc":{"Tiempo de lectura":"3 minutos"},"schema":{"@context":"https:\/\/schema.org","@graph":[{"@type":"WebPage","@id":"http:\/\/visilab.etsii.uclm.es\/?page_id=2283","url":"http:\/\/visilab.etsii.uclm.es\/?page_id=2283","name":"Pol\u00edtica de privacidad VISILAB","isPartOf":{"@id":"http:\/\/visilab.etsii.uclm.es\/#website"},"datePublished":"2018-05-25T11:03:44+00:00","dateModified":"2018-06-29T09:27:23+00:00","breadcrumb":{"@id":"http:\/\/visilab.etsii.uclm.es\/?page_id=2283#breadcrumb"},"inLanguage":"es","potentialAction":[{"@type":"ReadAction","target":["http:\/\/visilab.etsii.uclm.es\/?page_id=2283"]}]},{"@type":"BreadcrumbList","@id":"http:\/\/visilab.etsii.uclm.es\/?page_id=2283#breadcrumb","itemListElement":[{"@type":"ListItem","position":1,"name":"Portada","item":"http:\/\/visilab.etsii.uclm.es\/?page_id=1029"},{"@type":"ListItem","position":2,"name":"Pol\u00edtica de privacidad"}]},{"@type":"WebSite","@id":"http:\/\/visilab.etsii.uclm.es\/#website","url":"http:\/\/visilab.etsii.uclm.es\/","name":"VISILAB","description":"Grupo de Visi\u00f3n y Sistemas Inteligentes UCLM","potentialAction":[{"@type":"SearchAction","target":{"@type":"EntryPoint","urlTemplate":"http:\/\/visilab.etsii.uclm.es\/?s={search_term_string}"},"query-input":{"@type":"PropertyValueSpecification","valueRequired":true,"valueName":"search_term_string"}}],"inLanguage":"es"}]}},"jetpack_sharing_enabled":true,"jetpack_shortlink":"https:\/\/wp.me\/P5HIwh-AP","_links":{"self":[{"href":"http:\/\/visilab.etsii.uclm.es\/index.php?rest_route=\/wp\/v2\/pages\/2283","targetHints":{"allow":["GET"]}}],"collection":[{"href":"http:\/\/visilab.etsii.uclm.es\/index.php?rest_route=\/wp\/v2\/pages"}],"about":[{"href":"http:\/\/visilab.etsii.uclm.es\/index.php?rest_route=\/wp\/v2\/types\/page"}],"author":[{"embeddable":true,"href":"http:\/\/visilab.etsii.uclm.es\/index.php?rest_route=\/wp\/v2\/users\/1"}],"replies":[{"embeddable":true,"href":"http:\/\/visilab.etsii.uclm.es\/index.php?rest_route=%2Fwp%2Fv2%2Fcomments&post=2283"}],"version-history":[{"count":5,"href":"http:\/\/visilab.etsii.uclm.es\/index.php?rest_route=\/wp\/v2\/pages\/2283\/revisions"}],"predecessor-version":[{"id":2324,"href":"http:\/\/visilab.etsii.uclm.es\/index.php?rest_route=\/wp\/v2\/pages\/2283\/revisions\/2324"}],"wp:attachment":[{"href":"http:\/\/visilab.etsii.uclm.es\/index.php?rest_route=%2Fwp%2Fv2%2Fmedia&parent=2283"}],"curies":[{"name":"wp","href":"https:\/\/api.w.org\/{rel}","templated":true}]}}