{"id":272,"date":"2015-02-04T18:17:07","date_gmt":"2015-02-04T17:17:07","guid":{"rendered":"http:\/\/161.67.140.60\/visilab_home\/?page_id=272"},"modified":"2025-01-09T12:35:56","modified_gmt":"2025-01-09T11:35:56","slug":"medios","status":"publish","type":"page","link":"http:\/\/visilab.etsii.uclm.es\/?page_id=272","title":{"rendered":"Noticias"},"content":{"rendered":"<h4>2024<\/h4>\n<ul>\n<li>Publicadas <a href=\"http:\/\/visilab.etsii.uclm.es\/wp-content\/uploads\/2024\/12\/Convocatoria-beca-colaboracion-Grupo-VISILAB-24-25.pdf\">dos becas de colaboraci\u00f3n con el grupo VISILAB<\/a>. <a href=\"http:\/\/visilab.etsii.uclm.es\/wp-content\/uploads\/2024\/12\/Resolucion-concesion-provisional-beca-colaboracion-e-visionIA-Grupo-VISILAB-24-25.pdf\">Resoluci\u00f3n provisional de las becas.<\/a> <a href=\"http:\/\/visilab.etsii.uclm.es\/wp-content\/uploads\/2025\/01\/Resolucion-concesion-definitiva-beca-colaboracion-e-visionIA-Grupo-VISILAB-24-25.pdf\">Resoluci\u00f3n definitiva<\/a>.<\/li>\n<\/ul>\n<h4>2018<\/h4>\n<ul>\n<li>Dos egresados de la UCLM consiguen un acc\u00e9sit en el Certamen Universitario Arqu\u00edmedes del Ministerio de Ciencia, 26 noviembre 2018. <a href=\"http:\/\/www.uclmtv.uclm.es\/dos-egresados-de-la-uclm-consiguen-un-accesit-en-el-certamen-universitario-arquimedes-del-ministerio-de-ciencia\/\" target=\"_blank\" rel=\"noopener noreferrer\">UCLM<\/a><\/li>\n<li>M\u00e1s de 150 expertos se citan en la UCLM para intercambiar experiencias y conocer las novedades en el campo de la Ingenier\u00eda Biom\u00e9dica, 22 noviembre 2018. <a href=\"https:\/\/www.lanzadigital.com\/provincia\/ciudad-real\/150-expertos-se-citan-en-la-uclm-para-intercambiar-experiencias-y-conocer-las-novedades-en-el-campo-de-la-ingenieria-biomedica\/\" target=\"_blank\" rel=\"noopener noreferrer\">Lanza<\/a><\/li>\n<li>La plataforma de visi\u00f3n m\u00f3vil dise\u00f1ada por el proyecto \u2018Eyes of Things\u2019 de la UCLM tendr\u00e1 aplicaci\u00f3n en un trabajo de la Agencia Espacial Europea, 20 noviembre 2018. <a href=\"http:\/\/www.uclmtv.uclm.es\/la-plataforma-de-vision-movil-disenada-por-el-proyecto-eyes-of-things-de-la-uclm-tendra-aplicacion-en-un-trabajo-de-la-agencia-espacial-europea\/\" target=\"_blank\" rel=\"noopener noreferrer\">UCLM<\/a><\/li>\n<li>La UCLM entrega los premios del concurso Wendy Hall a la mejor web. Grupo Visilab mejor web de Grupo de Investigaci\u00f3n, 23 octubre 2018. <a href=\"http:\/\/www.uclmtv.uclm.es\/la-uclm-entrega-los-premios-del-concurso-wendy-hall-a-la-mejor-web\/\" target=\"_blank\" rel=\"noopener noreferrer\">UCLM<\/a><\/li>\n<li>La Escuela de Ingenieros Industriales de Ciudad Real present\u00f3 sus proyectos en uno de los congresos de rob\u00f3tica m\u00e1s importantes del mundo, 9 Octubre 2018. <a href=\"http:\/\/www.lacerca.com\/noticias\/universidad\/escuela-ingenieros-industriales-ciudad-real-proyectos-robotica-importantes-439964-1.html\" target=\"_blank\" rel=\"noopener noreferrer\">La Cerca<\/a><\/li>\n<li>El miembro del grupo An\u00edbal Pedraza consigue una beca FPU del Ministerio de Ciencia, Innovaci\u00f3n y Universidades, bajo la direcci\u00f3n de la Dra. Gloria Bueno, 26 Julio 2018.<\/li>\n<li>El miembro del grupo Oscar D\u00e9niz accede por oposici\u00f3n a la categor\u00eda de Profesor Titular de Universidad, 28 Junio 2018.<\/li>\n<li>Aceptado art\u00edculo escrito por nuestra compa\u00f1era Noelia V\u00e1llez en el workshop \u2018Women in Computer Vision\u2019 de ECCV 2018.<\/li>\n<li>La Dra. Gloria Bueno asiste en Helsinki (Finlandia) al <a href=\"http:\/\/www.ecdp2018.org\/\" target=\"_blank\" rel=\"noopener noreferrer\">14th European Congress on Digital Pathology<\/a>, donde modera la sesi\u00f3n \u2018Clinical Digital Pathology and Digital Diagnostics in Practice\u2019. 29 Mayo &#8211; 1 Junio 2018.<\/li>\n<li>El Dr. Deniz es invitado a dar una charla en el <a href=\"https:\/\/www.emva-forum.org\/\" target=\"_blank\" rel=\"noopener noreferrer\">Third European Machine Vision Forum<\/a>, Bolonia (Italia), 5-7 septiembre 2018.<\/li>\n<li>Recibimos en nuestro laboratorio la visita de directivos de la empresa Irlandesa de reciente creaci\u00f3n Ubotica Technologies, 16-17\/5\/2018.<\/li>\n<li>Aprobado nuestro proyecto APRENDAMOS presentado a la convocatoria 2017 cofinanciada por el Gobierno de Castilla-La Mancha y FEDER, 11\/5\/2018.<\/li>\n<li>Oscar Deniz Su\u00e1rez asiste a la reuni\u00f3n inicial del proyecto VICTORY en la Escuela de Inform\u00e1tica de la Universidad de Sevilla, 6\/4\/2018.<\/li>\n<li>Nuestro proyectante <a href=\"http:\/\/visilab.etsii.uclm.es\/wp-content\/uploads\/2018\/04\/DaHrX-qWAAIIf_3.jpg\" target=\"_blank\" rel=\"noopener noreferrer\">Mat\u00edas Fern\u00e1ndez Pat\u00f3n<\/a> obtiene el Premio Empresa COGITI por su TFG \u201cSISTEMAS DE AYUDA AL DIAGN\u00d3STICO DE C\u00c1NCER EN GANGLIOS LINF\u00c1TICOS MEDIANTE T\u00c9CNICAS DE DEEP LEARNING\u201d, 6\/4\/2018.<\/li>\n<li>Nuestras doctoras Mila Fern\u00e1ndez y Noelia Vallez exponen sendos p\u00f3sters sobre los proyectos Eyes of Things y BONSEYES en la Jornada de Ingenieras Investigadoras de la ETSII, 22\/2\/2018.<\/li>\n<\/ul>\n<h4>2017<\/h4>\n<ul>\n<li>El Dr. \u00d3scar D\u00e9niz participa en el comit\u00e9 de tesis doctoral de <a href=\"http:\/\/visilab.etsii.uclm.es\/wp-content\/uploads\/2017\/05\/oscarvisilab.jpg\" target=\"_blank\" rel=\"noopener noreferrer\">Yang Liu<\/a>, en Imperial College London, R.U. 28\/2\/2017.<\/li>\n<li>Nos visitan: el Investigador Senior Georg Steiner de la empresa TissueGnostics GmbH (Austria), Zaneta Swiderska-Chadaj &#8211; Graduate de la Warsaw University of Technology (Polonia) y Jorge Alberto Hern\u00e1ndez Tapia &#8211; Graduate de la Univ. Polit\u00e9cnica de Tulancingo (M\u00e9xico) para trabajar en los proyectos de Investigaci\u00f3n <a href=\"http:\/\/aidpath.eu\" target=\"_blank\" rel=\"noopener noreferrer\">AIDPATH<\/a> y <a href=\"http:\/\/eyesofthings.eu\" target=\"_blank\" rel=\"noopener noreferrer\">EOT<\/a>.<\/li>\n<li>Fernando Bern\u00e1cer entrevista a \u00d3scar D\u00e9niz, Radio <a href=\"http:\/\/www.cmmedia.es\/programas\/radio\/castilla-la-mancha-hoy\/podcasts\/44476\" target=\"_blank\" rel=\"noopener noreferrer\">Castilla-La Mancha Hoy<\/a>, 28\/03\/2017.<!--[if lt IE 9]><script>document.createElement('audio');<\/script><![endif]-->\n<audio class=\"wp-audio-shortcode\" id=\"audio-272-1\" preload=\"none\" style=\"width:300px\" controls=\"controls\"><source type=\"audio\/mpeg\" src=\"http:\/\/visilab.etsii.uclm.es\/wp-content\/uploads\/2015\/02\/28_03_17_VIsilab.mp3?_=1\" \/><a href=\"http:\/\/visilab.etsii.uclm.es\/wp-content\/uploads\/2015\/02\/28_03_17_VIsilab.mp3\">http:\/\/visilab.etsii.uclm.es\/wp-content\/uploads\/2015\/02\/28_03_17_VIsilab.mp3<\/a><\/audio><\/li>\n<li>La FECYT concede ayudas para cinco proyectos de divulgaci\u00f3n cient\u00edfica de la instituci\u00f3n acad\u00e9mica, cuatro m\u00e1s que en 2016. La UCLM obtiene 84.000 euros para divulgaci\u00f3n cient\u00edfica, ocho veces m\u00e1s que en 2016. <a href=\"http:\/\/www.uclmtv.uclm.es\/la-uclm-obtiene-84-000-euros-para-divulgacion-cientifica-ocho-veces-mas-que-en-2016\/\" target=\"_blank\" rel=\"noopener noreferrer\">UCLM<\/a>, 3\/02\/2017<\/li>\n<li>La UCLM participa en un proyecto europeo de investigaci\u00f3n en inteligencia artificial financiado con cinco millones de euros. El grupo VISILAB es uno de los catorce socios implicados en este trabajo. <a href=\"http:\/\/www.uclmtv.uclm.es\/la-uclm-participa-en-un-proyecto-europeo-de-investigacion-en-inteligencia-artificial-financiado-con-cinco-millones-de-euros\/\" target=\"_blank\" rel=\"noopener noreferrer\">UCLM<\/a>, 31\/01\/2017<\/li>\n<\/ul>\n<h4>2016<\/h4>\n<ul>\n<li>Ismael Serrano Gracia\u00a0del grupo VISILAB lee su tesis doctoral:\u00a0<a href=\"http:\/\/visilab.etsii.uclm.es\/wp-content\/uploads\/2016\/11\/ismael_tesis.jpg\" target=\"_blank\" rel=\"noopener noreferrer\">\u00abContributions to the Problem of Fight Detection in Video\u00bb<\/a>, dirigida por Gloria Bueno y \u00d3scar D\u00e9niz, defendida el 21\u00a0de octubre\u00a0de 2016 en la Universidad de Castilla-La Mancha, con la obtenci\u00f3n de la m\u00e1xima calificaci\u00f3n Sobresaliente Cum Laude. 21\/10\/2016<\/li>\n<li>El grupo Visilab de la UCLM desarrolla una herramienta para la evaluaci\u00f3n autom\u00e1tica del Alzheimer. <a href=\"http:\/\/www.telecinco.es\/informativos\/Visilab-UCLM-herramienta-automatica-Alzheimer_0_2180850206.html\" target=\"_blank\" rel=\"noopener noreferrer\"> Telecinco<\/a>, 17\/05\/2016<\/li>\n<li>\u2018Eyes of Things\u2019 de la UCLM es el \u00fanico proyecto espa\u00f1ol que llega a la final de la principal competici\u00f3n de visi\u00f3n artificial. <a href=\"http:\/\/www.lanzadigital.com\/news\/show\/sociedad\/eyes-of-things-de-la-uclm-es-el-unico-proyecto-espanyol-que-llega-a-la-final-de-la-principal-competicion-de-vision-artificial\/97230\" target=\"_blank\" rel=\"noopener noreferrer\"> Lanza<\/a>, 20\/04\/2016<\/li>\n<li>Su c\u00e1mara, a Boston. <a href=\"http:\/\/www.latribunadeciudadreal.es\/noticia\/Z13FD5EA3-D706-2E8F-4079C99783C7B575\/20160421\/camara\/boston\" target=\"_blank\" rel=\"noopener noreferrer\"> La Tribuna<\/a>, 21\/04\/2016<\/li>\n<li>\u2018Eyes of Things\u2019 de la UCLM es el \u00fanico proyecto espa\u00f1ol que llega a la final de la principal competici\u00f3n de visi\u00f3n artificial. <a href=\"http:\/\/www.lanzadigital.com\/news\/show\/sociedad\/eyes-of-things-de-la-uclm-es-el-unico-proyecto-espanyol-que-llega-a-la-final-de-la-principal-competicion-de-vision-artificial\/97230\" target=\"_blank\" rel=\"noopener noreferrer\"> Lanza<\/a>, 20\/04\/2016<\/li>\n<li>Entrevista <a href=\"http:\/\/play.cadenaser.com\/audio\/ser_toledo_avivircastilla_lamancha_20160410_120000_130000\/\" target=\"_blank\" rel=\"noopener noreferrer\">Cadena SER. A vivir Castilla-La Mancha<\/a>, 10\/04\/2016<\/li>\n<li>El profesor de la UCLM \u00d3scar D\u00e9niz es seleccionado por Google para investigar el &#8216;Internet de las cosas&#8217;. <a href=\"http:\/\/www.objetivocastillalamancha.es\/contenidos\/region\/el-profesor-de-la-uclm-oscar-deniz-es-seleccionado-por-google-para-investigar-el-internet-de-las-cosas\" target=\"_blank\" rel=\"noopener noreferrer\">OBJETIVO CLM<\/a>, 31\/03\/2016<\/li>\n<li>La UCLM participa en la nueva Red Espa\u00f1ola de Visi\u00f3n por Computador. <a href=\"http:\/\/www.uclmtv.uclm.es\/la-uclm-participa-en-la-nueva-red-espanola-de-vision-por-computador\/\" target=\"_blank\" rel=\"noopener noreferrer\">UCLM<\/a>, 11\/02\/2016<\/li>\n<li>El proyecto europeo de visi\u00f3n m\u00f3vil liderado por la UCLM comienza a definir un plan de explotaci\u00f3n de resultados. <a href=\"http:\/\/www.uclmtv.uclm.es\/el-proyecto-europeo-de-vision-movil-liderado-por-la-uclm-comienza-a-definir-un-plan-de-explotacion-de-resultados\/\" target=\"_blank\" rel=\"noopener noreferrer\">UCLM<\/a>, 25\/01\/2016<\/li>\n<\/ul>\n<h4>2015<\/h4>\n<ul>\n<li>Noelia V\u00e1llez Enano del grupo VISILAB lee su tesis doctoral: <a href=\"http:\/\/visilab.etsii.uclm.es\/wp-content\/uploads\/2015\/07\/noeliatesis.jpg\" target=\"_blank\" rel=\"noopener noreferrer\">\u00abFalse Positive Reduction in Detection Problems\u00bb<\/a>, dirigida por Gloria Bueno y \u00d3scar D\u00e9niz, defendida el 6 de julio de 2015 en la Universidad de Castilla-La Mancha, con la obtenci\u00f3n de la m\u00e1xima calificaci\u00f3n Sobresaliente Cum Laude. 7\/7\/2015.<\/li>\n<li>M\u00aa Milagro Fern\u00e1ndez lee su tesis doctoral. La tesis titulada <a href=\"http:\/\/161.67.140.60\/visilab_home\/wp-content\/uploads\/2015\/06\/milatesis.jpg\" target=\"_blank\" rel=\"noopener noreferrer\">\u00abCOMPUTER AIDED BREAST CANCER DETECTION AND DIAGNOSIS SYSTEM BASED ON HISTOPATHOLOGICAL IMAGE ANALYSIS OF TMAs\u00bb<\/a> realizada dentro del grupo de investigaci\u00f3n VISILAB y dirigida por Gloria Bueno y \u00d3scar D\u00e9niz, fue defendida el 25 de mayo de 2015 en la Universidad de Castilla-La Mancha, con la obtenci\u00f3n de la m\u00e1xima calificaci\u00f3n Sobresaliente Cum Laude. 25\/05\/2015.<\/li>\n<li>Una alumna de la UCLM crea una aplicaci\u00f3n m\u00f3vil para consultar el tr\u00e1fico de autobuses urbanos en Ciudad Real. <a href=\"http:\/\/www.20minutos.es\/noticia\/2367395\/0\/alumna-uclm-crea-aplicacion-movil-para-consultar-trafico-autobuses-urbanos-ciudad-real\/#xtor=AD-15&amp;xts=467263\">20minutos.es<\/a>,\u00a0<a href=\"http:\/\/www.europapress.es\/castilla-lamancha\/noticia-alumna-uclm-crea-aplicacion-movil-consultar-trafico-autobuses-urbanos-ciudad-real-20150204144902.html\" target=\"_blank\" rel=\"noopener noreferrer\">europapress.es<\/a>, <a href=\"http:\/\/www.abc.es\/comunidad-castillalamancha\/20150205\/abcp-permitira-conocer-tiempo-espera-20150205.html\" target=\"_blank\" rel=\"noopener noreferrer\">abc,<\/a>\u00a0<a href=\"http:\/\/www.uclmtv.uclm.es\/una-alumna-de-la-uclm-crea-una-aplicacion-movil-para-consultar-el-trafico-de-autobuses-urbanos-en-ciudad-real\/\" target=\"_blank\" rel=\"noopener noreferrer\">uclmtv<\/a>, <a href=\"http:\/\/www.miciudadreal.es\/2015\/02\/04\/consultar-el-tiempo-que-va-tardar-en-llegar-un-autobus-ya-es-posible-gracias-una-aplicacion-desarrollada-por-una-alumna-de-la-uclm\/\" target=\"_blank\" rel=\"noopener noreferrer\">miciudadreal.es<\/a>, \u00a04\/02\/2015.<\/li>\n<li><a href=\"http:\/\/www.objetivocastillalamancha.es\/content\/ciudad-real\/tecnologia\/la-union-europea-confia-en-la-universidad-regional-para-el-proyecto-eyes-things\" target=\"_blank\" rel=\"noopener noreferrer\">La Uni\u00f3n Europea conf\u00eda en la Universidad Regional para el proyecto \u00abEyes of Things\u00bb<\/a>, objetivocastillalamancha, 29\/01\/2015.<\/li>\n<li><span id=\"ctl00_cph2Columnas_lblTitulo\"><a href=\"http:\/\/www.latribunadeciudadreal.es\/noticia\/ZC3ADBD97-EB7E-62FB-B8E261AD5CBCFE52\/20150128\/primera\/mirada\/eyes\/of\/things\" target=\"_blank\" rel=\"noopener noreferrer\">La primera mirada de &#8216;Eyes of things&#8217;<\/a>,\u00a0latribunadeciudadreal.es, 12\/02\/2015.<\/span><\/li>\n<li>Eyes of Things Kick-off Meeting Held, <a href=\"http:\/\/finance.yahoo.com\/news\/eyes-things-kick-off-meeting-120000331.html\" target=\"_blank\" rel=\"noopener noreferrer\">Yahoo Finance<\/a>,\u00a0<a href=\"http:\/\/www.cnbc.com\/id\/102371313#.\" target=\"_blank\" rel=\"noopener noreferrer\">cnbc<\/a>,\u00a012\/02\/2015.<\/li>\n<li>El proyecto europeo de investigaci\u00f3n de visi\u00f3n m\u00f3vil liderado por la UCLM da sus primeros pasos,\u00a0<a href=\"http:\/\/www.uclmtv.uclm.es\/el-proyecto-europeo-de-investigacion-de-vision-movil-liderado-por-la-uclm-da-sus-primeros-pasos\/\">uclmtv.uclm.es<\/a> 27\/01\/2015.<\/li>\n<\/ul>\n<h4>2014<\/h4>\n<ul>\n<li>La UCLM lidera un proyecto europeo de visi\u00f3n m\u00f3vil. <a href=\"http:\/\/www.ciudadreal24horas.com\/2014\/10\/07\/la-uclm-lidera-un-proyecto-europeo-de-vision-movil\/\" target=\"_blank\" rel=\"noopener noreferrer\">24horasciudadreal<\/a>. <a href=\"http:\/\/www.uclmtv.uclm.es\/la-universidad-de-castilla-la-mancha-lidera-un-proyecto-europeo-de-vision-movil\/\" target=\"_blank\" rel=\"noopener noreferrer\">uclmtv<\/a>.\u00a0<a href=\"http:\/\/www.radio90.net\/noticias-radio90\/2013-04-25-16-27-59\/noticias-regionales\/item\/16335-el-proyecto-europeo-de-investigacion-de-vision-movil-liderado-por-la-uclm-da-sus-primeros-pasos\" target=\"_blank\" rel=\"noopener noreferrer\">Radio90<\/a> 07\/10\/2014.<\/li>\n<li><a href=\"http:\/\/eldiadigital.es\/not\/114776\/la-uclm-recibe-financiacion-por-3-9-millones-para-liderar-un-proyecto-europeo-de-vision-movil-en-objetos\/\" target=\"_blank\" rel=\"noopener noreferrer\">La UCLM recibe financiaci\u00f3n por 3,9 millones para liderar un proyecto europeo de visi\u00f3n m\u00f3vil en objetos<\/a>.\u00a0eldiadigital.es. 07\/01\/2014.<\/li>\n<\/ul>\n<h4>2013<\/h4>\n<ul>\n<li>La UCLM lidera un proyecto europeo de inteligencia artificial aplicado al c\u00e1ncer de mama.\u00a0<a href=\"http:\/\/www.encastillalamancha.es\/noticia\/33981\/wwwencastillalamanchaes\" target=\"_blank\" rel=\"noopener noreferrer\">encastillalamancha<\/a>. 10\/12\/2013.<\/li>\n<li><a href=\"https:\/\/www.europapress.es\/castilla-lamancha\/noticia-profesores-uclm-publican-libro-programacion-aplicaciones-moviles-20130705102314.html\" target=\"_blank\" rel=\"noopener noreferrer\">Profesores de la UCLM publican un libro sobre programaci\u00f3n de aplicaciones m\u00f3viles<\/a>. europapress.\u00a005\/07\/2013.<\/li>\n<li><a href=\"http:\/\/www.ceautomatica.es\/content\/nuevo-libro-de-vision\" target=\"_blank\" rel=\"noopener noreferrer\">Nuevo Libro de Visi\u00f3n<\/a>. Comit\u00e9 Espa\u00f1ol de Autom\u00e1tica. 03\/07\/2013.<\/li>\n<\/ul>\n<h4>2012<\/h4>\n<ul>\n<li><a href=\"http:\/\/noticias.universia.es\/ciencia-nn-tt\/noticia\/2012\/04\/23\/924746\/investigadores-europeos-exponen-avances-sistemas-imagen-terapias-contra-cancer.html\" target=\"_blank\" rel=\"noopener noreferrer\">Investigadores europeos exponen los avances en sistemas de imagen en terapias contra el c\u00e1ncer<\/a>. UNIVERSIA.\u00a023\/04\/2012.<\/li>\n<\/ul>\n","protected":false},"excerpt":{"rendered":"<p>2024 Publicadas dos becas de colaboraci\u00f3n con el grupo VISILAB. Resoluci\u00f3n provisional de las becas. Resoluci\u00f3n definitiva. 2018 Dos egresados de la UCLM consiguen un acc\u00e9sit en el Certamen Universitario Arqu\u00edmedes del Ministerio de Ciencia, 26 noviembre 2018. UCLM M\u00e1s de 150 expertos se citan en la UCLM para intercambiar experiencias y conocer las novedades [&hellip;]<\/p>\n","protected":false},"author":1,"featured_media":0,"parent":0,"menu_order":0,"comment_status":"closed","ping_status":"closed","template":"page-templates\/page-full-width.php","meta":{"jetpack_post_was_ever_published":false,"footnotes":"","_links_to":"","_links_to_target":""},"class_list":["post-272","page","type-page","status-publish","hentry"],"yoast_head":"<!-- This site is optimized with the Yoast SEO plugin v26.4 - https:\/\/yoast.com\/wordpress\/plugins\/seo\/ -->\n<title>Noticias Visilab | Grupo de visi\u00f3n y sistemas inteligentes<\/title>\n<meta name=\"description\" content=\"VISILAB en los medios de comunicaci\u00f3n, noticias relevantes del grupo de investigaci\u00f3n y los proyectos.\" \/>\n<meta name=\"robots\" content=\"index, follow, max-snippet:-1, max-image-preview:large, max-video-preview:-1\" \/>\n<link rel=\"canonical\" href=\"http:\/\/visilab.etsii.uclm.es\/?page_id=272\" \/>\n<meta property=\"og:locale\" content=\"es_ES\" \/>\n<meta property=\"og:type\" content=\"article\" \/>\n<meta property=\"og:title\" content=\"Noticias Visilab | Grupo de visi\u00f3n y sistemas inteligentes\" \/>\n<meta property=\"og:description\" content=\"VISILAB en los medios de comunicaci\u00f3n, noticias relevantes del grupo de investigaci\u00f3n y los proyectos.\" \/>\n<meta property=\"og:url\" content=\"http:\/\/visilab.etsii.uclm.es\/?page_id=272\" \/>\n<meta property=\"og:site_name\" content=\"VISILAB\" \/>\n<meta property=\"article:modified_time\" content=\"2025-01-09T11:35:56+00:00\" \/>\n<meta name=\"twitter:card\" content=\"summary_large_image\" \/>\n<meta name=\"twitter:site\" content=\"@GrupoVisilab\" \/>\n<meta name=\"twitter:label1\" content=\"Tiempo de lectura\" \/>\n\t<meta name=\"twitter:data1\" content=\"5 minutos\" \/>\n<script type=\"application\/ld+json\" class=\"yoast-schema-graph\">{\"@context\":\"https:\/\/schema.org\",\"@graph\":[{\"@type\":\"WebPage\",\"@id\":\"http:\/\/visilab.etsii.uclm.es\/?page_id=272\",\"url\":\"http:\/\/visilab.etsii.uclm.es\/?page_id=272\",\"name\":\"Noticias Visilab | Grupo de visi\u00f3n y sistemas inteligentes\",\"isPartOf\":{\"@id\":\"http:\/\/visilab.etsii.uclm.es\/#website\"},\"datePublished\":\"2015-02-04T17:17:07+00:00\",\"dateModified\":\"2025-01-09T11:35:56+00:00\",\"description\":\"VISILAB en los medios de comunicaci\u00f3n, noticias relevantes del grupo de investigaci\u00f3n y los proyectos.\",\"breadcrumb\":{\"@id\":\"http:\/\/visilab.etsii.uclm.es\/?page_id=272#breadcrumb\"},\"inLanguage\":\"es\",\"potentialAction\":[{\"@type\":\"ReadAction\",\"target\":[\"http:\/\/visilab.etsii.uclm.es\/?page_id=272\"]}]},{\"@type\":\"BreadcrumbList\",\"@id\":\"http:\/\/visilab.etsii.uclm.es\/?page_id=272#breadcrumb\",\"itemListElement\":[{\"@type\":\"ListItem\",\"position\":1,\"name\":\"Portada\",\"item\":\"http:\/\/visilab.etsii.uclm.es\/?page_id=1029\"},{\"@type\":\"ListItem\",\"position\":2,\"name\":\"Noticias\"}]},{\"@type\":\"WebSite\",\"@id\":\"http:\/\/visilab.etsii.uclm.es\/#website\",\"url\":\"http:\/\/visilab.etsii.uclm.es\/\",\"name\":\"VISILAB\",\"description\":\"Grupo de Visi\u00f3n y Sistemas Inteligentes UCLM\",\"potentialAction\":[{\"@type\":\"SearchAction\",\"target\":{\"@type\":\"EntryPoint\",\"urlTemplate\":\"http:\/\/visilab.etsii.uclm.es\/?s={search_term_string}\"},\"query-input\":{\"@type\":\"PropertyValueSpecification\",\"valueRequired\":true,\"valueName\":\"search_term_string\"}}],\"inLanguage\":\"es\"}]}<\/script>\n<!-- \/ Yoast SEO plugin. -->","yoast_head_json":{"title":"Noticias Visilab | Grupo de visi\u00f3n y sistemas inteligentes","description":"VISILAB en los medios de comunicaci\u00f3n, noticias relevantes del grupo de investigaci\u00f3n y los proyectos.","robots":{"index":"index","follow":"follow","max-snippet":"max-snippet:-1","max-image-preview":"max-image-preview:large","max-video-preview":"max-video-preview:-1"},"canonical":"http:\/\/visilab.etsii.uclm.es\/?page_id=272","og_locale":"es_ES","og_type":"article","og_title":"Noticias Visilab | Grupo de visi\u00f3n y sistemas inteligentes","og_description":"VISILAB en los medios de comunicaci\u00f3n, noticias relevantes del grupo de investigaci\u00f3n y los proyectos.","og_url":"http:\/\/visilab.etsii.uclm.es\/?page_id=272","og_site_name":"VISILAB","article_modified_time":"2025-01-09T11:35:56+00:00","twitter_card":"summary_large_image","twitter_site":"@GrupoVisilab","twitter_misc":{"Tiempo de lectura":"5 minutos"},"schema":{"@context":"https:\/\/schema.org","@graph":[{"@type":"WebPage","@id":"http:\/\/visilab.etsii.uclm.es\/?page_id=272","url":"http:\/\/visilab.etsii.uclm.es\/?page_id=272","name":"Noticias Visilab | Grupo de visi\u00f3n y sistemas inteligentes","isPartOf":{"@id":"http:\/\/visilab.etsii.uclm.es\/#website"},"datePublished":"2015-02-04T17:17:07+00:00","dateModified":"2025-01-09T11:35:56+00:00","description":"VISILAB en los medios de comunicaci\u00f3n, noticias relevantes del grupo de investigaci\u00f3n y los proyectos.","breadcrumb":{"@id":"http:\/\/visilab.etsii.uclm.es\/?page_id=272#breadcrumb"},"inLanguage":"es","potentialAction":[{"@type":"ReadAction","target":["http:\/\/visilab.etsii.uclm.es\/?page_id=272"]}]},{"@type":"BreadcrumbList","@id":"http:\/\/visilab.etsii.uclm.es\/?page_id=272#breadcrumb","itemListElement":[{"@type":"ListItem","position":1,"name":"Portada","item":"http:\/\/visilab.etsii.uclm.es\/?page_id=1029"},{"@type":"ListItem","position":2,"name":"Noticias"}]},{"@type":"WebSite","@id":"http:\/\/visilab.etsii.uclm.es\/#website","url":"http:\/\/visilab.etsii.uclm.es\/","name":"VISILAB","description":"Grupo de Visi\u00f3n y Sistemas Inteligentes UCLM","potentialAction":[{"@type":"SearchAction","target":{"@type":"EntryPoint","urlTemplate":"http:\/\/visilab.etsii.uclm.es\/?s={search_term_string}"},"query-input":{"@type":"PropertyValueSpecification","valueRequired":true,"valueName":"search_term_string"}}],"inLanguage":"es"}]}},"jetpack_sharing_enabled":true,"jetpack_shortlink":"https:\/\/wp.me\/P5HIwh-4o","_links":{"self":[{"href":"http:\/\/visilab.etsii.uclm.es\/index.php?rest_route=\/wp\/v2\/pages\/272","targetHints":{"allow":["GET"]}}],"collection":[{"href":"http:\/\/visilab.etsii.uclm.es\/index.php?rest_route=\/wp\/v2\/pages"}],"about":[{"href":"http:\/\/visilab.etsii.uclm.es\/index.php?rest_route=\/wp\/v2\/types\/page"}],"author":[{"embeddable":true,"href":"http:\/\/visilab.etsii.uclm.es\/index.php?rest_route=\/wp\/v2\/users\/1"}],"replies":[{"embeddable":true,"href":"http:\/\/visilab.etsii.uclm.es\/index.php?rest_route=%2Fwp%2Fv2%2Fcomments&post=272"}],"version-history":[{"count":120,"href":"http:\/\/visilab.etsii.uclm.es\/index.php?rest_route=\/wp\/v2\/pages\/272\/revisions"}],"predecessor-version":[{"id":3740,"href":"http:\/\/visilab.etsii.uclm.es\/index.php?rest_route=\/wp\/v2\/pages\/272\/revisions\/3740"}],"wp:attachment":[{"href":"http:\/\/visilab.etsii.uclm.es\/index.php?rest_route=%2Fwp%2Fv2%2Fmedia&parent=272"}],"curies":[{"name":"wp","href":"https:\/\/api.w.org\/{rel}","templated":true}]}}