{"id":3305,"date":"2022-11-11T12:48:59","date_gmt":"2022-11-11T11:48:59","guid":{"rendered":"http:\/\/visilab.etsii.uclm.es\/?page_id=3305"},"modified":"2024-02-21T10:41:24","modified_gmt":"2024-02-21T09:41:24","slug":"proyecto-acerca","status":"publish","type":"page","link":"http:\/\/visilab.etsii.uclm.es\/?page_id=3305","title":{"rendered":"Proyecto ACERCA"},"content":{"rendered":"<h3><a href=\"http:\/\/visilab.etsii.uclm.es\/wp-content\/uploads\/2018\/11\/Pseudorandom_walk_brain.svg_.png\"><img decoding=\"async\" class=\"alignnone wp-image-2364\" src=\"http:\/\/visilab.etsii.uclm.es\/wp-content\/uploads\/2018\/11\/Pseudorandom_walk_brain.svg_-300x235.png\" alt=\"\" width=\"135\" height=\"106\" data-id=\"2364\" srcset=\"http:\/\/visilab.etsii.uclm.es\/wp-content\/uploads\/2018\/11\/Pseudorandom_walk_brain.svg_-300x235.png 300w, http:\/\/visilab.etsii.uclm.es\/wp-content\/uploads\/2018\/11\/Pseudorandom_walk_brain.svg_-768x602.png 768w, http:\/\/visilab.etsii.uclm.es\/wp-content\/uploads\/2018\/11\/Pseudorandom_walk_brain.svg_-1024x802.png 1024w, http:\/\/visilab.etsii.uclm.es\/wp-content\/uploads\/2018\/11\/Pseudorandom_walk_brain.svg_.png 1280w\" sizes=\"(max-width: 135px) 100vw, 135px\" \/><\/a><\/h3>\n<h3>ACERCA: ACERc\u00e1ndonos a la Causa de los ejemplos Adversarios<\/h3>\n<p>&nbsp;<\/p>\n<p>Inicio: Septiembre 2022<\/p>\n<p>Fin: Septiembre 2025<\/p>\n<p>Investigador Principal: \u00d3scar D\u00e9niz Su\u00e1rez<\/p>\n<p>&nbsp;<\/p>\n<p>Proyecto financiado por la Junta de Comunidades de Castilla-La Mancha, fondos FEDER y la Uni\u00f3n Europea (Ref. SBPLY\/21\/180501\/000025).<\/p>\n<p><a href=\"http:\/\/visilab.etsii.uclm.es\/wp-content\/uploads\/2018\/11\/logo-jccm-cabecera.png\"><img decoding=\"async\" class=\"alignnone wp-image-2374\" src=\"http:\/\/visilab.etsii.uclm.es\/wp-content\/uploads\/2018\/11\/logo-jccm-cabecera-300x194.png\" alt=\"\" width=\"264\" height=\"171\" data-id=\"2374\" srcset=\"http:\/\/visilab.etsii.uclm.es\/wp-content\/uploads\/2018\/11\/logo-jccm-cabecera-300x194.png 300w, http:\/\/visilab.etsii.uclm.es\/wp-content\/uploads\/2018\/11\/logo-jccm-cabecera.png 355w\" sizes=\"(max-width: 264px) 100vw, 264px\" \/><\/a>\u00a0 \u00a0 \u00a0 \u00a0 \u00a0 \u00a0 \u00a0 \u00a0 \u00a0 \u00a0 \u00a0\u00a0<a href=\"http:\/\/visilab.etsii.uclm.es\/wp-content\/uploads\/2018\/11\/00_azul-EUROPA.png\"><img fetchpriority=\"high\" decoding=\"async\" class=\"alignnone wp-image-2377\" src=\"http:\/\/visilab.etsii.uclm.es\/wp-content\/uploads\/2018\/11\/00_azul-EUROPA-300x257.png\" alt=\"\" width=\"252\" height=\"216\" data-id=\"2377\" srcset=\"http:\/\/visilab.etsii.uclm.es\/wp-content\/uploads\/2018\/11\/00_azul-EUROPA-300x257.png 300w, http:\/\/visilab.etsii.uclm.es\/wp-content\/uploads\/2018\/11\/00_azul-EUROPA.png 484w\" sizes=\"(max-width: 252px) 100vw, 252px\" \/><\/a><\/p>\n<p><a href=\"http:\/\/visilab.etsii.uclm.es\/wp-content\/uploads\/2024\/02\/LogosProyectoJCCM.png\"><img loading=\"lazy\" decoding=\"async\" class=\"alignnone wp-image-3647 \" src=\"http:\/\/visilab.etsii.uclm.es\/wp-content\/uploads\/2024\/02\/LogosProyectoJCCM.png\" alt=\"\" width=\"1218\" height=\"75\" data-id=\"3647\" srcset=\"http:\/\/visilab.etsii.uclm.es\/wp-content\/uploads\/2024\/02\/LogosProyectoJCCM.png 1299w, http:\/\/visilab.etsii.uclm.es\/wp-content\/uploads\/2024\/02\/LogosProyectoJCCM-300x18.png 300w, http:\/\/visilab.etsii.uclm.es\/wp-content\/uploads\/2024\/02\/LogosProyectoJCCM-1024x63.png 1024w, http:\/\/visilab.etsii.uclm.es\/wp-content\/uploads\/2024\/02\/LogosProyectoJCCM-768x47.png 768w\" sizes=\"(max-width: 1218px) 100vw, 1218px\" \/><\/a><\/p>\n","protected":false},"excerpt":{"rendered":"<p>ACERCA: ACERc\u00e1ndonos a la Causa de los ejemplos Adversarios &nbsp; Inicio: Septiembre 2022 Fin: Septiembre 2025 Investigador Principal: \u00d3scar D\u00e9niz Su\u00e1rez &nbsp; Proyecto financiado por la Junta de Comunidades de Castilla-La Mancha, fondos FEDER y la Uni\u00f3n Europea (Ref. SBPLY\/21\/180501\/000025). \u00a0 \u00a0 \u00a0 \u00a0 \u00a0 \u00a0 \u00a0 \u00a0 \u00a0 \u00a0 \u00a0\u00a0<\/p>\n","protected":false},"author":1,"featured_media":0,"parent":0,"menu_order":0,"comment_status":"closed","ping_status":"closed","template":"","meta":{"jetpack_post_was_ever_published":false,"footnotes":"","_links_to":"","_links_to_target":""},"class_list":["post-3305","page","type-page","status-publish","hentry"],"yoast_head":"<!-- This site is optimized with the Yoast SEO plugin v26.4 - https:\/\/yoast.com\/wordpress\/plugins\/seo\/ -->\n<title>Proyecto ACERCA VISILAB<\/title>\n<meta name=\"robots\" content=\"index, follow, max-snippet:-1, max-image-preview:large, max-video-preview:-1\" \/>\n<link rel=\"canonical\" href=\"http:\/\/visilab.etsii.uclm.es\/?page_id=3305\" \/>\n<meta property=\"og:locale\" content=\"es_ES\" \/>\n<meta property=\"og:type\" content=\"article\" \/>\n<meta property=\"og:title\" content=\"Proyecto ACERCA VISILAB\" \/>\n<meta property=\"og:description\" content=\"ACERCA: ACERc\u00e1ndonos a la Causa de los ejemplos Adversarios &nbsp; Inicio: Septiembre 2022 Fin: Septiembre 2025 Investigador Principal: \u00d3scar D\u00e9niz Su\u00e1rez &nbsp; Proyecto financiado por la Junta de Comunidades de Castilla-La Mancha, fondos FEDER y la Uni\u00f3n Europea (Ref. SBPLY\/21\/180501\/000025). \u00a0 \u00a0 \u00a0 \u00a0 \u00a0 \u00a0 \u00a0 \u00a0 \u00a0 \u00a0 \u00a0\u00a0\" \/>\n<meta property=\"og:url\" content=\"http:\/\/visilab.etsii.uclm.es\/?page_id=3305\" \/>\n<meta property=\"og:site_name\" content=\"VISILAB\" \/>\n<meta property=\"article:modified_time\" content=\"2024-02-21T09:41:24+00:00\" \/>\n<meta property=\"og:image\" content=\"http:\/\/visilab.etsii.uclm.es\/wp-content\/uploads\/2018\/11\/Pseudorandom_walk_brain.svg_-300x235.png\" \/>\n<meta name=\"twitter:card\" content=\"summary_large_image\" \/>\n<meta name=\"twitter:site\" content=\"@GrupoVisilab\" \/>\n<meta name=\"twitter:label1\" content=\"Tiempo de lectura\" \/>\n\t<meta name=\"twitter:data1\" content=\"1 minuto\" \/>\n<script type=\"application\/ld+json\" class=\"yoast-schema-graph\">{\"@context\":\"https:\/\/schema.org\",\"@graph\":[{\"@type\":\"WebPage\",\"@id\":\"http:\/\/visilab.etsii.uclm.es\/?page_id=3305\",\"url\":\"http:\/\/visilab.etsii.uclm.es\/?page_id=3305\",\"name\":\"Proyecto ACERCA VISILAB\",\"isPartOf\":{\"@id\":\"http:\/\/visilab.etsii.uclm.es\/#website\"},\"primaryImageOfPage\":{\"@id\":\"http:\/\/visilab.etsii.uclm.es\/?page_id=3305#primaryimage\"},\"image\":{\"@id\":\"http:\/\/visilab.etsii.uclm.es\/?page_id=3305#primaryimage\"},\"thumbnailUrl\":\"http:\/\/visilab.etsii.uclm.es\/wp-content\/uploads\/2018\/11\/Pseudorandom_walk_brain.svg_-300x235.png\",\"datePublished\":\"2022-11-11T11:48:59+00:00\",\"dateModified\":\"2024-02-21T09:41:24+00:00\",\"breadcrumb\":{\"@id\":\"http:\/\/visilab.etsii.uclm.es\/?page_id=3305#breadcrumb\"},\"inLanguage\":\"es\",\"potentialAction\":[{\"@type\":\"ReadAction\",\"target\":[\"http:\/\/visilab.etsii.uclm.es\/?page_id=3305\"]}]},{\"@type\":\"ImageObject\",\"inLanguage\":\"es\",\"@id\":\"http:\/\/visilab.etsii.uclm.es\/?page_id=3305#primaryimage\",\"url\":\"http:\/\/visilab.etsii.uclm.es\/wp-content\/uploads\/2018\/11\/Pseudorandom_walk_brain.svg_.png\",\"contentUrl\":\"http:\/\/visilab.etsii.uclm.es\/wp-content\/uploads\/2018\/11\/Pseudorandom_walk_brain.svg_.png\",\"width\":1280,\"height\":1003},{\"@type\":\"BreadcrumbList\",\"@id\":\"http:\/\/visilab.etsii.uclm.es\/?page_id=3305#breadcrumb\",\"itemListElement\":[{\"@type\":\"ListItem\",\"position\":1,\"name\":\"Portada\",\"item\":\"http:\/\/visilab.etsii.uclm.es\/?page_id=1029\"},{\"@type\":\"ListItem\",\"position\":2,\"name\":\"Proyecto ACERCA\"}]},{\"@type\":\"WebSite\",\"@id\":\"http:\/\/visilab.etsii.uclm.es\/#website\",\"url\":\"http:\/\/visilab.etsii.uclm.es\/\",\"name\":\"VISILAB\",\"description\":\"Grupo de Visi\u00f3n y Sistemas Inteligentes UCLM\",\"potentialAction\":[{\"@type\":\"SearchAction\",\"target\":{\"@type\":\"EntryPoint\",\"urlTemplate\":\"http:\/\/visilab.etsii.uclm.es\/?s={search_term_string}\"},\"query-input\":{\"@type\":\"PropertyValueSpecification\",\"valueRequired\":true,\"valueName\":\"search_term_string\"}}],\"inLanguage\":\"es\"}]}<\/script>\n<!-- \/ Yoast SEO plugin. -->","yoast_head_json":{"title":"Proyecto ACERCA VISILAB","robots":{"index":"index","follow":"follow","max-snippet":"max-snippet:-1","max-image-preview":"max-image-preview:large","max-video-preview":"max-video-preview:-1"},"canonical":"http:\/\/visilab.etsii.uclm.es\/?page_id=3305","og_locale":"es_ES","og_type":"article","og_title":"Proyecto ACERCA VISILAB","og_description":"ACERCA: ACERc\u00e1ndonos a la Causa de los ejemplos Adversarios &nbsp; Inicio: Septiembre 2022 Fin: Septiembre 2025 Investigador Principal: \u00d3scar D\u00e9niz Su\u00e1rez &nbsp; Proyecto financiado por la Junta de Comunidades de Castilla-La Mancha, fondos FEDER y la Uni\u00f3n Europea (Ref. SBPLY\/21\/180501\/000025). \u00a0 \u00a0 \u00a0 \u00a0 \u00a0 \u00a0 \u00a0 \u00a0 \u00a0 \u00a0 \u00a0\u00a0","og_url":"http:\/\/visilab.etsii.uclm.es\/?page_id=3305","og_site_name":"VISILAB","article_modified_time":"2024-02-21T09:41:24+00:00","og_image":[{"url":"http:\/\/visilab.etsii.uclm.es\/wp-content\/uploads\/2018\/11\/Pseudorandom_walk_brain.svg_-300x235.png","type":"","width":"","height":""}],"twitter_card":"summary_large_image","twitter_site":"@GrupoVisilab","twitter_misc":{"Tiempo de lectura":"1 minuto"},"schema":{"@context":"https:\/\/schema.org","@graph":[{"@type":"WebPage","@id":"http:\/\/visilab.etsii.uclm.es\/?page_id=3305","url":"http:\/\/visilab.etsii.uclm.es\/?page_id=3305","name":"Proyecto ACERCA VISILAB","isPartOf":{"@id":"http:\/\/visilab.etsii.uclm.es\/#website"},"primaryImageOfPage":{"@id":"http:\/\/visilab.etsii.uclm.es\/?page_id=3305#primaryimage"},"image":{"@id":"http:\/\/visilab.etsii.uclm.es\/?page_id=3305#primaryimage"},"thumbnailUrl":"http:\/\/visilab.etsii.uclm.es\/wp-content\/uploads\/2018\/11\/Pseudorandom_walk_brain.svg_-300x235.png","datePublished":"2022-11-11T11:48:59+00:00","dateModified":"2024-02-21T09:41:24+00:00","breadcrumb":{"@id":"http:\/\/visilab.etsii.uclm.es\/?page_id=3305#breadcrumb"},"inLanguage":"es","potentialAction":[{"@type":"ReadAction","target":["http:\/\/visilab.etsii.uclm.es\/?page_id=3305"]}]},{"@type":"ImageObject","inLanguage":"es","@id":"http:\/\/visilab.etsii.uclm.es\/?page_id=3305#primaryimage","url":"http:\/\/visilab.etsii.uclm.es\/wp-content\/uploads\/2018\/11\/Pseudorandom_walk_brain.svg_.png","contentUrl":"http:\/\/visilab.etsii.uclm.es\/wp-content\/uploads\/2018\/11\/Pseudorandom_walk_brain.svg_.png","width":1280,"height":1003},{"@type":"BreadcrumbList","@id":"http:\/\/visilab.etsii.uclm.es\/?page_id=3305#breadcrumb","itemListElement":[{"@type":"ListItem","position":1,"name":"Portada","item":"http:\/\/visilab.etsii.uclm.es\/?page_id=1029"},{"@type":"ListItem","position":2,"name":"Proyecto ACERCA"}]},{"@type":"WebSite","@id":"http:\/\/visilab.etsii.uclm.es\/#website","url":"http:\/\/visilab.etsii.uclm.es\/","name":"VISILAB","description":"Grupo de Visi\u00f3n y Sistemas Inteligentes UCLM","potentialAction":[{"@type":"SearchAction","target":{"@type":"EntryPoint","urlTemplate":"http:\/\/visilab.etsii.uclm.es\/?s={search_term_string}"},"query-input":{"@type":"PropertyValueSpecification","valueRequired":true,"valueName":"search_term_string"}}],"inLanguage":"es"}]}},"jetpack_sharing_enabled":true,"jetpack_shortlink":"https:\/\/wp.me\/P5HIwh-Rj","_links":{"self":[{"href":"http:\/\/visilab.etsii.uclm.es\/index.php?rest_route=\/wp\/v2\/pages\/3305","targetHints":{"allow":["GET"]}}],"collection":[{"href":"http:\/\/visilab.etsii.uclm.es\/index.php?rest_route=\/wp\/v2\/pages"}],"about":[{"href":"http:\/\/visilab.etsii.uclm.es\/index.php?rest_route=\/wp\/v2\/types\/page"}],"author":[{"embeddable":true,"href":"http:\/\/visilab.etsii.uclm.es\/index.php?rest_route=\/wp\/v2\/users\/1"}],"replies":[{"embeddable":true,"href":"http:\/\/visilab.etsii.uclm.es\/index.php?rest_route=%2Fwp%2Fv2%2Fcomments&post=3305"}],"version-history":[{"count":3,"href":"http:\/\/visilab.etsii.uclm.es\/index.php?rest_route=\/wp\/v2\/pages\/3305\/revisions"}],"predecessor-version":[{"id":3649,"href":"http:\/\/visilab.etsii.uclm.es\/index.php?rest_route=\/wp\/v2\/pages\/3305\/revisions\/3649"}],"wp:attachment":[{"href":"http:\/\/visilab.etsii.uclm.es\/index.php?rest_route=%2Fwp%2Fv2%2Fmedia&parent=3305"}],"curies":[{"name":"wp","href":"https:\/\/api.w.org\/{rel}","templated":true}]}}