{"id":543,"date":"2015-02-19T20:45:06","date_gmt":"2015-02-19T19:45:06","guid":{"rendered":"http:\/\/161.67.140.60\/visilab_home\/?page_id=543"},"modified":"2025-09-11T09:34:33","modified_gmt":"2025-09-11T07:34:33","slug":"jesus-salido","status":"publish","type":"page","link":"http:\/\/visilab.etsii.uclm.es\/?page_id=543","title":{"rendered":"Jes\u00fas Salido"},"content":{"rendered":"<div class=\"row\">\n<div class=\"col-md-3\"><img decoding=\"async\" class=\"cir-circle\" src=\"http:\/\/visilab.etsii.uclm.es\/wp-content\/uploads\/2023\/10\/js2023.png\" alt=\"Visilab - Jesus Salido\" width=\"130\" \/><\/div>\n<div class=\"col-md-9\">\n<h1>Jes\u00fas Salido Tercero <a style=\"vertical-align: top;\" href=\"https:\/\/orcid.org\/0000-0002-9216-3522\" target=\"orcid.widget\" rel=\"noopener noreferrer\"><img decoding=\"async\" style=\"width: 1em; margin-right: .5em;\" src=\"http:\/\/visilab.etsii.uclm.es\/wp-content\/uploads\/2020\/10\/orcid_16x16.png\" alt=\"ORCID iD icon\" \/><\/a><\/h1>\n<p><em>Dr. Ingeniero Industrial (Rob\u00f3tica e Inteligencia Artificial,<\/em>\u00a0<a href=\"https:\/\/www.etsii.upm.es\/\" target=\"_blank\" rel=\"noopener\">UPM<\/a>)<br \/>\nPostDoc, <a href=\"http:\/\/www.cs.cmu.edu\/~aml\/\" target=\"_blank\" rel=\"noopener noreferrer\">AML<\/a>&#8211;<a href=\"https:\/\/www.ri.cmu.edu\/\" target=\"_blank\" rel=\"noopener noreferrer\">The Robotics Institute,<\/a>\u00a0Carnegie Mellon Univ. (Pittsburgh, EEUU)<br \/>\n<strong>Afiliaci\u00f3n:<\/strong> Dpto. <a href=\"http:\/\/www.dieeac.uclm.es\/\" target=\"_blank\" rel=\"noopener noreferrer\">IEEAC<\/a>, Ingenier\u00eda de Sistemas y Autom\u00e1tica (ISA)<\/p>\n<\/div>\n<\/div>\n<p><a name=\"docencia\"><\/a><\/p>\n<h3>Docencia<\/h3>\n<ul>\n<li style=\"list-style-type: none;\">\n<ul>\n<li><a href=\"https:\/\/campusvirtual.uclm.es\/\" target=\"_blank\" rel=\"noopener\">Tecnolog\u00eda de Computadores<\/a> (1er. curso, <a href=\"https:\/\/esi.uclm.es\/index.php\/grado-en-ingenieria-informatica\/\" target=\"_blank\" rel=\"noopener\">Grado Ing. Inform\u00e1tica<\/a> &#8211; Obligatoria).<br \/>\n<a href=\"https:\/\/github.com\/JesusSalido\/CircsTecobook\" target=\"_blank\" rel=\"noopener\"><img fetchpriority=\"high\" decoding=\"async\" class=\"wp-image-3654 alignnone\" src=\"http:\/\/visilab.etsii.uclm.es\/wp-content\/uploads\/2024\/04\/Teco-Vol1-2-1-300x95.png\" alt=\"\" width=\"611\" height=\"193\" data-id=\"3654\" srcset=\"http:\/\/visilab.etsii.uclm.es\/wp-content\/uploads\/2024\/04\/Teco-Vol1-2-1-300x95.png 300w, http:\/\/visilab.etsii.uclm.es\/wp-content\/uploads\/2024\/04\/Teco-Vol1-2-1-1024x323.png 1024w, http:\/\/visilab.etsii.uclm.es\/wp-content\/uploads\/2024\/04\/Teco-Vol1-2-1-768x242.png 768w, http:\/\/visilab.etsii.uclm.es\/wp-content\/uploads\/2024\/04\/Teco-Vol1-2-1-1536x485.png 1536w, http:\/\/visilab.etsii.uclm.es\/wp-content\/uploads\/2024\/04\/Teco-Vol1-2-1.png 1552w\" sizes=\"(max-width: 611px) 100vw, 611px\" \/><\/a><br \/>\n(Descargas: <a href=\"https:\/\/ruidera.uclm.es\/bitstreams\/9c91774c-8bcd-4645-86d4-1b10f839b159\/download\" target=\"_blank\" rel=\"noopener\">n\u00ba 26 Teor\u00eda-PDF <\/a>\u00a0[<a href=\"https:\/\/play.google.com\/store\/books\/details\/Jes%C3%BAs_Salido_Tercero_L%C3%B3gica_digital_y_tecnolog%C3%ADa_d?id=5DnVEAAAQBAJ\" target=\"_blank\" rel=\"noopener\">epub<\/a>], <a href=\"https:\/\/ruidera.uclm.es\/bitstreams\/e9410633-4519-482f-b954-bfbb4ab17175\/download\" target=\"_blank\" rel=\"noopener\">n\u00ba 27 Problemas Resueltos-PDF<\/a> [<a href=\"https:\/\/play.google.com\/store\/books\/details\/Jes%C3%BAs_Salido_Tercero_L%C3%B3gica_digital_y_tecnolog%C3%ADa_d?id=RBj_EAAAQBAJ\" target=\"_blank\" rel=\"noopener\">epub<\/a>], <a href=\"https:\/\/github.com\/JesusSalido\/CircsTecobook\" target=\"_blank\" rel=\"noopener\">material auxiliar &#8211;circuitos, fe de erratas, GPT Logic Tutor&#8211; en GitHub<\/a>).<\/li>\n<li><a href=\"https:\/\/campusvirtual.uclm.es\/\" target=\"_blank\" rel=\"noopener\">Dise\u00f1o VLSI<\/a> (4\u00ba curso, <a href=\"https:\/\/esi.uclm.es\/index.php\/grado-en-ingenieria-informatica\/\" target=\"_blank\" rel=\"noopener\">Grado\u00a0Ing. Inform\u00e1tica<\/a> &#8211; Optativa).<\/li>\n<li>Direcci\u00f3n de <a href=\"https:\/\/esi.uclm.es\/index.php\/grado-en-ingenieria-informatica\/trabajos-fin-de-grado\/\" target=\"_blank\" rel=\"noopener\">Trabajos Fin de Estudios<\/a> (TFG, TFM).<\/li>\n<li><a href=\"https:\/\/campusvirtual.uclm.es\/\" target=\"_blank\" rel=\"noopener\">Inteligencia Artificial<\/a> (1er. curso, <a href=\"https:\/\/www.uclm.es\/estudios\/masteres\/master-robotica-automatica\" target=\"_blank\" rel=\"noopener\">M\u00e1ster en Rob\u00f3tica y Autom\u00e1tica<\/a> &#8211; Obligatoria)<\/li>\n<\/ul>\n<\/li>\n<\/ul>\n<p><!--\n \t\n\n<li><span data-mce-type=\"bookmark\" style=\"display: inline-block; width: 0px; overflow: hidden; line-height: 0;\" class=\"mce_SELRES_start\"><\/span>LaTeX esencial para preparaci\u00f3n de Trabajo Fin de Grado y otros documentos acad\u00e9micos (<a href=\"https:\/\/esi.uclm.es\/index.php\/formacion-permanente\/cursos-propios\/\" target=\"_blank\" rel=\"noopener\">Curso de Ense\u00f1anzas Propias<\/a>).<\/li>\n\n\n--><\/p>\n<p><a name=\"tutorias\"><\/a><\/p>\n<h3>Tutor\u00edas Personalizadas<\/h3>\n<p>A partir del curso 1999\/2000 la Escuela Superior de Inform\u00e1tica (UCLM-CR) pone en marcha las tutor\u00edas personalizadas al objeto de que los alumnos que lo deseen cuenten con la ayuda de un profesor en la toma de decisiones que afecten directamente a su formaci\u00f3n. La dedicaci\u00f3n de los profesores a esta tarea es de car\u00e1cter voluntario y desinteresado. El objetivo de las mismas es mejorar la calidad de la formaci\u00f3n adquirida en el centro y el acercamiento entre el alumnado y el cuerpo docente. Personalmente deseo poner mi modesta experiencia a disposici\u00f3n de los alumnos para contribuir en la medida de lo posible a su formaci\u00f3n y un mutuo enriquecimiento personal. Para ello intentar\u00e9 poner a disposici\u00f3n de los alumnos tutorizados informaci\u00f3n que conjuntamente consideremos de inter\u00e9s para su formaci\u00f3n:<\/p>\n<ul>\n<li><a href=\"http:\/\/www.esi.uclm.es\/www\/jsalido\/TecEstudio.html\" target=\"_blank\" rel=\"noopener noreferrer\">Consejos para superar sin estr\u00e9s los estudios universitarios<\/a>.\u00a0Grupo VISILAB-UCLM, Jes\u00fas Salido, 2018.<\/li>\n<li><a href=\"http:\/\/www.esi.uclm.es\/www\/jsalido\/tipsExamenes.html\" target=\"_blank\" rel=\"noopener noreferrer\">Consejos para realizar un examen sin contratiempos<\/a>.\u00a0Grupo VISILAB-UCLM, Jes\u00fas Salido, 2018.<\/li>\n<li><a href=\"http:\/\/www.esi.uclm.es\/www\/jsalido\/UnivEN.pdf\" target=\"_blank\" rel=\"noopener noreferrer\">Carta abierta a los estudiantes de ingenier\u00eda en Espa\u00f1a &#8211; La situaci\u00f3n actual del ingl\u00e9s entre los ingenieros y estudiantes de ingenier\u00eda y sugerencias para la soluci\u00f3n del problema<\/a>.\u00a0Richard Vaughan, Presidente de Vaughan Systems. Revista COIIM-Tesla, 22\/3\/2008.<\/li>\n<\/ul>\n<h4>Informaci\u00f3n acad\u00e9mica<\/h4>\n<ul>\n<li><a href=\"https:\/\/esi.uclm.es\/categories\/horarios-y-examenes\" target=\"_blank\" rel=\"noopener noreferrer\">Calendario acad\u00e9mico y horario<\/a>.<\/li>\n<li><a href=\"https:\/\/esi.uclm.es\/categories\/docencia\/nodes\/acad\u00e9mica\" target=\"_blank\" rel=\"noopener noreferrer\">Oferta acad\u00e9mica<\/a>.<\/li>\n<li><a href=\"https:\/\/esi.uclm.es\/categories\/movilidad\" target=\"_blank\" rel=\"noopener noreferrer\">Programas de movilidad<\/a>.<\/li>\n<li><a href=\"https:\/\/esi.uclm.es\/categories\/relaciones-con-empresas\" target=\"_blank\" rel=\"noopener noreferrer\">Relaci\u00f3n con empresas<\/a>.<\/li>\n<li><a href=\"https:\/\/esi.uclm.es\/categories\/trabajo-fin-de-grado\" target=\"_blank\" rel=\"noopener noreferrer\">Trabajo Fin de Grado<\/a>.<\/li>\n<li>B\u00fasqueda de empleo (<a href=\"https:\/\/blog.uclm.es\/cipe\/\" target=\"_blank\" rel=\"noopener noreferrer\">CIPE-UCLM<\/a>)<\/li>\n<\/ul>\n<p><a name=\"contacto\"><\/a><\/p>\n<h3>Contacto<\/h3>\n<p><a href=\"https:\/\/esi.uclm.es\/\" target=\"_blank\" rel=\"noopener noreferrer\">Escuela Superior de Inform\u00e1tica<\/a>\u00a0&#8211; <a href=\"http:\/\/www.uclm.es\/\" target=\"_blank\" rel=\"noopener noreferrer\">UCLM<\/a>, P\u00ba de la Universidad 4, 13071 Ciudad Real &#8211; Spain<br \/>\nDespacho: D-2.18, 2\u00aa Planta (Edificio Ferm\u00edn Caballero)<br \/>\nTfno.: +34 926 29 54 27 (directo) \/ +34 926 29 53 00 (ext. 3745)<br \/>\ne-mail: jesus.salido AT uclm.es | jesus.salido AT gmail.com | twitter: @jsalido<\/p>\n","protected":false},"excerpt":{"rendered":"<p>Jes\u00fas Salido Tercero Dr. Ingeniero Industrial (Rob\u00f3tica e Inteligencia Artificial,\u00a0UPM) PostDoc, AML&#8211;The Robotics Institute,\u00a0Carnegie Mellon Univ. (Pittsburgh, EEUU) Afiliaci\u00f3n: Dpto. IEEAC, Ingenier\u00eda de Sistemas y Autom\u00e1tica (ISA) Docencia Tecnolog\u00eda de Computadores (1er. curso, Grado Ing. Inform\u00e1tica &#8211; Obligatoria). (Descargas: n\u00ba 26 Teor\u00eda-PDF \u00a0[epub], n\u00ba 27 Problemas Resueltos-PDF [epub], material auxiliar &#8211;circuitos, fe de erratas, GPT [&hellip;]<\/p>\n","protected":false},"author":4,"featured_media":0,"parent":0,"menu_order":0,"comment_status":"closed","ping_status":"closed","template":"page-templates\/page-left-column.php","meta":{"jetpack_post_was_ever_published":false,"footnotes":"","_links_to":"","_links_to_target":""},"class_list":["post-543","page","type-page","status-publish","hentry"],"yoast_head":"<!-- This site is optimized with the Yoast SEO plugin v26.4 - https:\/\/yoast.com\/wordpress\/plugins\/seo\/ -->\n<title>Jesus Salido | Visilab | UCLM<\/title>\n<meta name=\"description\" content=\"Profesor UCLM. Ing. Industrial Univ. Polit\u00e9cnica de Madrid (UPM). Dr. Ing. Industrial (UPM). PostDoc, The Robotics Institute - Carnegie Mellon University\" \/>\n<meta name=\"robots\" content=\"index, follow, max-snippet:-1, max-image-preview:large, max-video-preview:-1\" \/>\n<link rel=\"canonical\" href=\"http:\/\/visilab.etsii.uclm.es\/?page_id=543\" \/>\n<meta property=\"og:locale\" content=\"es_ES\" \/>\n<meta property=\"og:type\" content=\"article\" \/>\n<meta property=\"og:title\" content=\"Jesus Salido | Visilab | UCLM\" \/>\n<meta property=\"og:description\" content=\"Profesor UCLM. Ing. Industrial Univ. Polit\u00e9cnica de Madrid (UPM). Dr. Ing. Industrial (UPM). PostDoc, The Robotics Institute - Carnegie Mellon University\" \/>\n<meta property=\"og:url\" content=\"http:\/\/visilab.etsii.uclm.es\/?page_id=543\" \/>\n<meta property=\"og:site_name\" content=\"VISILAB\" \/>\n<meta property=\"article:modified_time\" content=\"2025-09-11T07:34:33+00:00\" \/>\n<meta property=\"og:image\" content=\"http:\/\/visilab.etsii.uclm.es\/wp-content\/uploads\/2023\/10\/js2023.png\" \/>\n<meta name=\"twitter:card\" content=\"summary_large_image\" \/>\n<meta name=\"twitter:site\" content=\"@GrupoVisilab\" \/>\n<meta name=\"twitter:label1\" content=\"Tiempo de lectura\" \/>\n\t<meta name=\"twitter:data1\" content=\"3 minutos\" \/>\n<script type=\"application\/ld+json\" class=\"yoast-schema-graph\">{\"@context\":\"https:\/\/schema.org\",\"@graph\":[{\"@type\":\"WebPage\",\"@id\":\"http:\/\/visilab.etsii.uclm.es\/?page_id=543\",\"url\":\"http:\/\/visilab.etsii.uclm.es\/?page_id=543\",\"name\":\"Jesus Salido | Visilab | UCLM\",\"isPartOf\":{\"@id\":\"http:\/\/visilab.etsii.uclm.es\/#website\"},\"primaryImageOfPage\":{\"@id\":\"http:\/\/visilab.etsii.uclm.es\/?page_id=543#primaryimage\"},\"image\":{\"@id\":\"http:\/\/visilab.etsii.uclm.es\/?page_id=543#primaryimage\"},\"thumbnailUrl\":\"http:\/\/visilab.etsii.uclm.es\/wp-content\/uploads\/2023\/10\/js2023.png\",\"datePublished\":\"2015-02-19T19:45:06+00:00\",\"dateModified\":\"2025-09-11T07:34:33+00:00\",\"description\":\"Profesor UCLM. Ing. Industrial Univ. Polit\u00e9cnica de Madrid (UPM). Dr. Ing. Industrial (UPM). PostDoc, The Robotics Institute - Carnegie Mellon University\",\"breadcrumb\":{\"@id\":\"http:\/\/visilab.etsii.uclm.es\/?page_id=543#breadcrumb\"},\"inLanguage\":\"es\",\"potentialAction\":[{\"@type\":\"ReadAction\",\"target\":[\"http:\/\/visilab.etsii.uclm.es\/?page_id=543\"]}]},{\"@type\":\"ImageObject\",\"inLanguage\":\"es\",\"@id\":\"http:\/\/visilab.etsii.uclm.es\/?page_id=543#primaryimage\",\"url\":\"http:\/\/visilab.etsii.uclm.es\/wp-content\/uploads\/2023\/10\/js2023.png\",\"contentUrl\":\"http:\/\/visilab.etsii.uclm.es\/wp-content\/uploads\/2023\/10\/js2023.png\"},{\"@type\":\"BreadcrumbList\",\"@id\":\"http:\/\/visilab.etsii.uclm.es\/?page_id=543#breadcrumb\",\"itemListElement\":[{\"@type\":\"ListItem\",\"position\":1,\"name\":\"Portada\",\"item\":\"http:\/\/visilab.etsii.uclm.es\/?page_id=1029\"},{\"@type\":\"ListItem\",\"position\":2,\"name\":\"Jes\u00fas Salido\"}]},{\"@type\":\"WebSite\",\"@id\":\"http:\/\/visilab.etsii.uclm.es\/#website\",\"url\":\"http:\/\/visilab.etsii.uclm.es\/\",\"name\":\"VISILAB\",\"description\":\"Grupo de Visi\u00f3n y Sistemas Inteligentes UCLM\",\"potentialAction\":[{\"@type\":\"SearchAction\",\"target\":{\"@type\":\"EntryPoint\",\"urlTemplate\":\"http:\/\/visilab.etsii.uclm.es\/?s={search_term_string}\"},\"query-input\":{\"@type\":\"PropertyValueSpecification\",\"valueRequired\":true,\"valueName\":\"search_term_string\"}}],\"inLanguage\":\"es\"}]}<\/script>\n<!-- \/ Yoast SEO plugin. -->","yoast_head_json":{"title":"Jesus Salido | Visilab | UCLM","description":"Profesor UCLM. Ing. Industrial Univ. Polit\u00e9cnica de Madrid (UPM). Dr. Ing. Industrial (UPM). PostDoc, The Robotics Institute - Carnegie Mellon University","robots":{"index":"index","follow":"follow","max-snippet":"max-snippet:-1","max-image-preview":"max-image-preview:large","max-video-preview":"max-video-preview:-1"},"canonical":"http:\/\/visilab.etsii.uclm.es\/?page_id=543","og_locale":"es_ES","og_type":"article","og_title":"Jesus Salido | Visilab | UCLM","og_description":"Profesor UCLM. Ing. Industrial Univ. Polit\u00e9cnica de Madrid (UPM). Dr. Ing. Industrial (UPM). PostDoc, The Robotics Institute - Carnegie Mellon University","og_url":"http:\/\/visilab.etsii.uclm.es\/?page_id=543","og_site_name":"VISILAB","article_modified_time":"2025-09-11T07:34:33+00:00","og_image":[{"url":"http:\/\/visilab.etsii.uclm.es\/wp-content\/uploads\/2023\/10\/js2023.png","type":"","width":"","height":""}],"twitter_card":"summary_large_image","twitter_site":"@GrupoVisilab","twitter_misc":{"Tiempo de lectura":"3 minutos"},"schema":{"@context":"https:\/\/schema.org","@graph":[{"@type":"WebPage","@id":"http:\/\/visilab.etsii.uclm.es\/?page_id=543","url":"http:\/\/visilab.etsii.uclm.es\/?page_id=543","name":"Jesus Salido | Visilab | UCLM","isPartOf":{"@id":"http:\/\/visilab.etsii.uclm.es\/#website"},"primaryImageOfPage":{"@id":"http:\/\/visilab.etsii.uclm.es\/?page_id=543#primaryimage"},"image":{"@id":"http:\/\/visilab.etsii.uclm.es\/?page_id=543#primaryimage"},"thumbnailUrl":"http:\/\/visilab.etsii.uclm.es\/wp-content\/uploads\/2023\/10\/js2023.png","datePublished":"2015-02-19T19:45:06+00:00","dateModified":"2025-09-11T07:34:33+00:00","description":"Profesor UCLM. Ing. Industrial Univ. Polit\u00e9cnica de Madrid (UPM). Dr. Ing. Industrial (UPM). PostDoc, The Robotics Institute - Carnegie Mellon University","breadcrumb":{"@id":"http:\/\/visilab.etsii.uclm.es\/?page_id=543#breadcrumb"},"inLanguage":"es","potentialAction":[{"@type":"ReadAction","target":["http:\/\/visilab.etsii.uclm.es\/?page_id=543"]}]},{"@type":"ImageObject","inLanguage":"es","@id":"http:\/\/visilab.etsii.uclm.es\/?page_id=543#primaryimage","url":"http:\/\/visilab.etsii.uclm.es\/wp-content\/uploads\/2023\/10\/js2023.png","contentUrl":"http:\/\/visilab.etsii.uclm.es\/wp-content\/uploads\/2023\/10\/js2023.png"},{"@type":"BreadcrumbList","@id":"http:\/\/visilab.etsii.uclm.es\/?page_id=543#breadcrumb","itemListElement":[{"@type":"ListItem","position":1,"name":"Portada","item":"http:\/\/visilab.etsii.uclm.es\/?page_id=1029"},{"@type":"ListItem","position":2,"name":"Jes\u00fas Salido"}]},{"@type":"WebSite","@id":"http:\/\/visilab.etsii.uclm.es\/#website","url":"http:\/\/visilab.etsii.uclm.es\/","name":"VISILAB","description":"Grupo de Visi\u00f3n y Sistemas Inteligentes UCLM","potentialAction":[{"@type":"SearchAction","target":{"@type":"EntryPoint","urlTemplate":"http:\/\/visilab.etsii.uclm.es\/?s={search_term_string}"},"query-input":{"@type":"PropertyValueSpecification","valueRequired":true,"valueName":"search_term_string"}}],"inLanguage":"es"}]}},"jetpack_sharing_enabled":true,"jetpack_shortlink":"https:\/\/wp.me\/P5HIwh-8L","_links":{"self":[{"href":"http:\/\/visilab.etsii.uclm.es\/index.php?rest_route=\/wp\/v2\/pages\/543","targetHints":{"allow":["GET"]}}],"collection":[{"href":"http:\/\/visilab.etsii.uclm.es\/index.php?rest_route=\/wp\/v2\/pages"}],"about":[{"href":"http:\/\/visilab.etsii.uclm.es\/index.php?rest_route=\/wp\/v2\/types\/page"}],"author":[{"embeddable":true,"href":"http:\/\/visilab.etsii.uclm.es\/index.php?rest_route=\/wp\/v2\/users\/4"}],"replies":[{"embeddable":true,"href":"http:\/\/visilab.etsii.uclm.es\/index.php?rest_route=%2Fwp%2Fv2%2Fcomments&post=543"}],"version-history":[{"count":121,"href":"http:\/\/visilab.etsii.uclm.es\/index.php?rest_route=\/wp\/v2\/pages\/543\/revisions"}],"predecessor-version":[{"id":3777,"href":"http:\/\/visilab.etsii.uclm.es\/index.php?rest_route=\/wp\/v2\/pages\/543\/revisions\/3777"}],"wp:attachment":[{"href":"http:\/\/visilab.etsii.uclm.es\/index.php?rest_route=%2Fwp%2Fv2%2Fmedia&parent=543"}],"curies":[{"name":"wp","href":"https:\/\/api.w.org\/{rel}","templated":true}]}}