{"id":1029,"date":"2015-06-24T10:57:07","date_gmt":"2015-06-24T08:57:07","guid":{"rendered":"http:\/\/visilab.etsii.uclm.es\/?page_id=1029"},"modified":"2022-11-18T13:39:15","modified_gmt":"2022-11-18T12:39:15","slug":"bienvenido","status":"publish","type":"page","link":"http:\/\/visilab.etsii.uclm.es\/?page_id=1029","title":{"rendered":"Bienvenido"},"content":{"rendered":"\t\t<div data-elementor-type=\"wp-page\" data-elementor-id=\"1029\" class=\"elementor elementor-1029\">\n\t\t\t\t\t\t<section class=\"elementor-section elementor-top-section elementor-element elementor-element-75e68703 elementor-section-boxed elementor-section-height-default elementor-section-height-default\" data-id=\"75e68703\" data-element_type=\"section\">\n\t\t\t\t\t\t<div class=\"elementor-container elementor-column-gap-default\">\n\t\t\t\t\t<div class=\"elementor-column elementor-col-100 elementor-top-column elementor-element elementor-element-e33eae3\" data-id=\"e33eae3\" data-element_type=\"column\">\n\t\t\t<div class=\"elementor-widget-wrap elementor-element-populated\">\n\t\t\t\t\t\t<div class=\"elementor-element elementor-element-77a7ddfd elementor-widget elementor-widget-text-editor\" data-id=\"77a7ddfd\" data-element_type=\"widget\" data-widget_type=\"text-editor.default\">\n\t\t\t\t<div class=\"elementor-widget-container\">\n\t\t\t\t\t\t\t\t\t<p>El grupo est\u00e1 constituido por profesores e investigadores del Departamento de Ingenier\u00eda El\u00e9ctrica, Electr\u00f3nica, Autom\u00e1tica y Comunicaciones \u2013 <a href=\"http:\/\/www.dieeac.uclm.es\/\" target=\"_blank\" rel=\"noopener noreferrer\">I.E.E.A.C.<\/a> &#8211; (\u00e1rea de Ingenier\u00eda de Sistemas y Autom\u00e1tica \u2013ISA-) de la <a href=\"http:\/\/uclm.es\/\" target=\"_blank\" rel=\"noopener noreferrer\">Universidad de Castilla-La Mancha (UCLM)<\/a> en Ciudad Real. Dedicado desde 1999 al desarrollo de herramientas de Visi\u00f3n e Inteligencia Artificial con aplicaciones a sistemas de seguridad y biometr\u00eda, control de calidad, diagn\u00f3stico por imagen, sistemas de ayuda a la decisi\u00f3n e ingenier\u00eda biom\u00e9dica, donde ha conseguido m\u00e1s de 150 <a href=\"https:\/\/visilab.etsii.uclm.es\/?page_id=966\">publicaciones<\/a>. Avalado por diferentes <a href=\"https:\/\/visilab.etsii.uclm.es\/?page_id=53\">proyectos<\/a> nacionales e internacionales y con la <a href=\"https:\/\/visilab.etsii.uclm.es\/?page_id=218\">colaboraci\u00f3n<\/a> de centros de reconocido prestigio. A continuaci\u00f3n se describe brevemente las l\u00edneas de investigaci\u00f3n y los recursos del grupo.<\/p><h3>LINEAS DE INVESTIGACI\u00d3N<\/h3><p><strong>Desarrollo de Aplicaciones en Biomedicina basados en el Diagn\u00f3stico por Imagen:<\/strong> Aplicaciones basadas en visi\u00f3n por computador y procesamiento de im\u00e1genes para el diagn\u00f3stico en aplicaciones de Ingenier\u00eda Biom\u00e9dica.<\/p><p><strong>Aplicaciones de Visi\u00f3n por Computador:<\/strong> Aplicaciones basadas en visi\u00f3n por computador y t\u00e9cnicas de inteligencia artificial, como videovigilancia, biometr\u00eda, interacci\u00f3n hombre-m\u00e1quina, interacci\u00f3n hombre-robot, etc.<\/p><p><strong>Desarrollo de Historia Cl\u00ednica Electr\u00f3nica:<\/strong> Aplicaciones din\u00e1micas para el desarrollo de la historia m\u00e9dica electr\u00f3nica por especialidades y a nivel de usuario, siguiendo los est\u00e1ndares m\u00e9dicos como SNOMED-CT, DICOM, etc. Aplicaciones que adem\u00e1s incluyen herramientas para ayuda a la decisi\u00f3n basada en el conocimiento.<\/p><p><strong>Sistemas de Ayuda a la Decisi\u00f3n en la Ingenier\u00eda:<\/strong> Aplicaciones basadas en metodolog\u00edas de inteligencia artificial y an\u00e1lisis estad\u00edstico de ayudas a la decisi\u00f3n en diferentes aplicaciones de Ingenier\u00eda Industrial y Biom\u00e9dica, a partir del an\u00e1lisis y procesado de se\u00f1ales y datos.<\/p><h3>RECURSOS DEL GRUPO<\/h3><p>Entre otros el laboratorio cuenta con los siguientes equipos:<\/p><ul><li>Cluster de super-computaci\u00f3n 17 nodos, interconexi\u00f3n red INFINIBAND.<\/li><li>Sistemas de almacenamiento masivo.<\/li><li>Microscopios Robotizados: ALIAS \u2013 LifeSpan Biosciences Inc. y LEICA DM-6000B.<\/li><li>Laser range finders con unidades pan-tilt: aplicaciones de seguridad e inspecci\u00f3n.<\/li><li>C\u00e1maras IP, motorizadas e inal\u00e1mbricas: aplicaciones en videovigilancia e interacci\u00f3n.<\/li><li>10 PC&#8217;s de desarrollo de alto rendimiento: desarrollo de los proyectos de VISILAB.<\/li><li>Supercomputador basado en GPU NVIDIA Tesla.<\/li><li>Impresoras 3D.<\/li><\/ul><p>\u00a0<\/p><h3>CONTACTO<\/h3><p>grupo.visilab AT uclm.es<\/p>\t\t\t\t\t\t\t\t<\/div>\n\t\t\t\t<\/div>\n\t\t\t\t\t<\/div>\n\t\t<\/div>\n\t\t\t\t\t<\/div>\n\t\t<\/section>\n\t\t\t\t<\/div>\n\t\t","protected":false},"excerpt":{"rendered":"<p>El grupo est\u00e1 constituido por profesores e investigadores del Departamento de Ingenier\u00eda El\u00e9ctrica, Electr\u00f3nica, Autom\u00e1tica y Comunicaciones \u2013 I.E.E.A.C. &#8211; (\u00e1rea de Ingenier\u00eda de Sistemas y Autom\u00e1tica \u2013ISA-) de la Universidad de Castilla-La Mancha (UCLM) en Ciudad Real. Dedicado desde 1999 al desarrollo de herramientas de Visi\u00f3n e Inteligencia Artificial con aplicaciones a sistemas de [&hellip;]<\/p>\n","protected":false},"author":1,"featured_media":0,"parent":0,"menu_order":0,"comment_status":"closed","ping_status":"closed","template":"","meta":{"jetpack_post_was_ever_published":false,"footnotes":"","_links_to":"","_links_to_target":""},"class_list":["post-1029","page","type-page","status-publish","hentry"],"yoast_head":"<!-- This site is optimized with the Yoast SEO plugin v26.4 - https:\/\/yoast.com\/wordpress\/plugins\/seo\/ -->\n<title>Visilab Grupo de Visi\u00f3n y Sistemas Inteligentes | UCLM<\/title>\n<meta name=\"description\" content=\"Desarrollo de herramientas de Visi\u00f3n e Inteligencia Artificial con aplicaciones a sistemas de seguridad y biometr\u00eda, control de calidad, diagn\u00f3stico por imagen, sistemas de ayuda a la decisi\u00f3n e ingenier\u00eda biom\u00e9dica\" \/>\n<meta name=\"robots\" content=\"index, follow, max-snippet:-1, max-image-preview:large, max-video-preview:-1\" \/>\n<link rel=\"canonical\" href=\"http:\/\/visilab.etsii.uclm.es\/?page_id=1029\" \/>\n<meta property=\"og:locale\" content=\"es_ES\" \/>\n<meta property=\"og:type\" content=\"article\" \/>\n<meta property=\"og:title\" content=\"Visilab Grupo de Visi\u00f3n y Sistemas Inteligentes | UCLM\" \/>\n<meta property=\"og:description\" content=\"Desarrollo de herramientas de Visi\u00f3n e Inteligencia Artificial con aplicaciones a sistemas de seguridad y biometr\u00eda, control de calidad, diagn\u00f3stico por imagen, sistemas de ayuda a la decisi\u00f3n e ingenier\u00eda biom\u00e9dica\" \/>\n<meta property=\"og:url\" content=\"http:\/\/visilab.etsii.uclm.es\/?page_id=1029\" \/>\n<meta property=\"og:site_name\" content=\"VISILAB\" \/>\n<meta property=\"article:modified_time\" content=\"2022-11-18T12:39:15+00:00\" \/>\n<meta name=\"twitter:card\" content=\"summary_large_image\" \/>\n<meta name=\"twitter:site\" content=\"@GrupoVisilab\" \/>\n<meta name=\"twitter:label1\" content=\"Tiempo de lectura\" \/>\n\t<meta name=\"twitter:data1\" content=\"2 minutos\" \/>\n<script type=\"application\/ld+json\" class=\"yoast-schema-graph\">{\"@context\":\"https:\/\/schema.org\",\"@graph\":[{\"@type\":\"WebPage\",\"@id\":\"http:\/\/visilab.etsii.uclm.es\/?page_id=1029\",\"url\":\"http:\/\/visilab.etsii.uclm.es\/?page_id=1029\",\"name\":\"Visilab Grupo de Visi\u00f3n y Sistemas Inteligentes | UCLM\",\"isPartOf\":{\"@id\":\"https:\/\/visilab.etsii.uclm.es\/#website\"},\"datePublished\":\"2015-06-24T08:57:07+00:00\",\"dateModified\":\"2022-11-18T12:39:15+00:00\",\"description\":\"Desarrollo de herramientas de Visi\u00f3n e Inteligencia Artificial con aplicaciones a sistemas de seguridad y biometr\u00eda, control de calidad, diagn\u00f3stico por imagen, sistemas de ayuda a la decisi\u00f3n e ingenier\u00eda biom\u00e9dica\",\"breadcrumb\":{\"@id\":\"http:\/\/visilab.etsii.uclm.es\/?page_id=1029#breadcrumb\"},\"inLanguage\":\"es\",\"potentialAction\":[{\"@type\":\"ReadAction\",\"target\":[\"http:\/\/visilab.etsii.uclm.es\/?page_id=1029\"]}]},{\"@type\":\"BreadcrumbList\",\"@id\":\"http:\/\/visilab.etsii.uclm.es\/?page_id=1029#breadcrumb\",\"itemListElement\":[{\"@type\":\"ListItem\",\"position\":1,\"name\":\"Portada\",\"item\":\"http:\/\/visilab.etsii.uclm.es\/?page_id=1029\"},{\"@type\":\"ListItem\",\"position\":2,\"name\":\"Bienvenido\"}]},{\"@type\":\"WebSite\",\"@id\":\"https:\/\/visilab.etsii.uclm.es\/#website\",\"url\":\"https:\/\/visilab.etsii.uclm.es\/\",\"name\":\"VISILAB\",\"description\":\"Grupo de Visi\u00f3n y Sistemas Inteligentes UCLM\",\"potentialAction\":[{\"@type\":\"SearchAction\",\"target\":{\"@type\":\"EntryPoint\",\"urlTemplate\":\"https:\/\/visilab.etsii.uclm.es\/?s={search_term_string}\"},\"query-input\":{\"@type\":\"PropertyValueSpecification\",\"valueRequired\":true,\"valueName\":\"search_term_string\"}}],\"inLanguage\":\"es\"}]}<\/script>\n<!-- \/ Yoast SEO plugin. -->","yoast_head_json":{"title":"Visilab Grupo de Visi\u00f3n y Sistemas Inteligentes | UCLM","description":"Desarrollo de herramientas de Visi\u00f3n e Inteligencia Artificial con aplicaciones a sistemas de seguridad y biometr\u00eda, control de calidad, diagn\u00f3stico por imagen, sistemas de ayuda a la decisi\u00f3n e ingenier\u00eda biom\u00e9dica","robots":{"index":"index","follow":"follow","max-snippet":"max-snippet:-1","max-image-preview":"max-image-preview:large","max-video-preview":"max-video-preview:-1"},"canonical":"http:\/\/visilab.etsii.uclm.es\/?page_id=1029","og_locale":"es_ES","og_type":"article","og_title":"Visilab Grupo de Visi\u00f3n y Sistemas Inteligentes | UCLM","og_description":"Desarrollo de herramientas de Visi\u00f3n e Inteligencia Artificial con aplicaciones a sistemas de seguridad y biometr\u00eda, control de calidad, diagn\u00f3stico por imagen, sistemas de ayuda a la decisi\u00f3n e ingenier\u00eda biom\u00e9dica","og_url":"http:\/\/visilab.etsii.uclm.es\/?page_id=1029","og_site_name":"VISILAB","article_modified_time":"2022-11-18T12:39:15+00:00","twitter_card":"summary_large_image","twitter_site":"@GrupoVisilab","twitter_misc":{"Tiempo de lectura":"2 minutos"},"schema":{"@context":"https:\/\/schema.org","@graph":[{"@type":"WebPage","@id":"http:\/\/visilab.etsii.uclm.es\/?page_id=1029","url":"http:\/\/visilab.etsii.uclm.es\/?page_id=1029","name":"Visilab Grupo de Visi\u00f3n y Sistemas Inteligentes | UCLM","isPartOf":{"@id":"https:\/\/visilab.etsii.uclm.es\/#website"},"datePublished":"2015-06-24T08:57:07+00:00","dateModified":"2022-11-18T12:39:15+00:00","description":"Desarrollo de herramientas de Visi\u00f3n e Inteligencia Artificial con aplicaciones a sistemas de seguridad y biometr\u00eda, control de calidad, diagn\u00f3stico por imagen, sistemas de ayuda a la decisi\u00f3n e ingenier\u00eda biom\u00e9dica","breadcrumb":{"@id":"http:\/\/visilab.etsii.uclm.es\/?page_id=1029#breadcrumb"},"inLanguage":"es","potentialAction":[{"@type":"ReadAction","target":["http:\/\/visilab.etsii.uclm.es\/?page_id=1029"]}]},{"@type":"BreadcrumbList","@id":"http:\/\/visilab.etsii.uclm.es\/?page_id=1029#breadcrumb","itemListElement":[{"@type":"ListItem","position":1,"name":"Portada","item":"http:\/\/visilab.etsii.uclm.es\/?page_id=1029"},{"@type":"ListItem","position":2,"name":"Bienvenido"}]},{"@type":"WebSite","@id":"https:\/\/visilab.etsii.uclm.es\/#website","url":"https:\/\/visilab.etsii.uclm.es\/","name":"VISILAB","description":"Grupo de Visi\u00f3n y Sistemas Inteligentes UCLM","potentialAction":[{"@type":"SearchAction","target":{"@type":"EntryPoint","urlTemplate":"https:\/\/visilab.etsii.uclm.es\/?s={search_term_string}"},"query-input":{"@type":"PropertyValueSpecification","valueRequired":true,"valueName":"search_term_string"}}],"inLanguage":"es"}]}},"jetpack_sharing_enabled":true,"jetpack_shortlink":"https:\/\/wp.me\/P5HIwh-gB","_links":{"self":[{"href":"https:\/\/visilab.etsii.uclm.es\/index.php?rest_route=\/wp\/v2\/pages\/1029","targetHints":{"allow":["GET"]}}],"collection":[{"href":"https:\/\/visilab.etsii.uclm.es\/index.php?rest_route=\/wp\/v2\/pages"}],"about":[{"href":"https:\/\/visilab.etsii.uclm.es\/index.php?rest_route=\/wp\/v2\/types\/page"}],"author":[{"embeddable":true,"href":"https:\/\/visilab.etsii.uclm.es\/index.php?rest_route=\/wp\/v2\/users\/1"}],"replies":[{"embeddable":true,"href":"https:\/\/visilab.etsii.uclm.es\/index.php?rest_route=%2Fwp%2Fv2%2Fcomments&post=1029"}],"version-history":[{"count":16,"href":"https:\/\/visilab.etsii.uclm.es\/index.php?rest_route=\/wp\/v2\/pages\/1029\/revisions"}],"predecessor-version":[{"id":3676,"href":"https:\/\/visilab.etsii.uclm.es\/index.php?rest_route=\/wp\/v2\/pages\/1029\/revisions\/3676"}],"wp:attachment":[{"href":"https:\/\/visilab.etsii.uclm.es\/index.php?rest_route=%2Fwp%2Fv2%2Fmedia&parent=1029"}],"curies":[{"name":"wp","href":"https:\/\/api.w.org\/{rel}","templated":true}]}}