{"id":2068,"date":"2017-04-25T14:54:18","date_gmt":"2017-04-25T12:54:18","guid":{"rendered":"http:\/\/visilab.etsii.uclm.es\/?page_id=2068"},"modified":"2025-09-05T09:16:31","modified_gmt":"2025-09-05T07:16:31","slug":"pfc-tfg-dirigidos-grupo-visilab","status":"publish","type":"page","link":"https:\/\/visilab.etsii.uclm.es\/?page_id=2068","title":{"rendered":"TFE dirigidos en el Grupo VISILAB"},"content":{"rendered":"<h1>TFE dirigidos en el Grupo VISILAB<\/h1>\r\n<h1>\u00a0<\/h1>\r\n<h1>2025<\/h1>\r\n<ul>\r\n<li>Francisco Joaqu\u00edn Molina Fl\u00f3rez, TFG <em>\u00abAGROTECH-Plataforma de monitorizaci\u00f3n y optimizaci\u00f3n agr\u00edcola basada en datos meteorol\u00f3gicos y gesti\u00f3n inteligente\u00bb<\/em> (4-sep., Tutor: J. Salido, Nota: <strong>9.5<\/strong>).<\/li>\r\n<li>Alejandro Dur\u00e1n de la Morena, TFG <em>\u00abAutomatizaci\u00f3n de la publicaci\u00f3n de aplicaciones sobre balanceadores F5\u00bb<\/em> (23-jul., Tutores: J. Salido, D. Alc\u00e1zar, Nota: <strong>9.5<\/strong>).<\/li>\r\n<li>Daniel Camacho Miralles, TFM-MUFPS<em> Programaci\u00f3n Did\u00e1ctica Tecnolog\u00eda 4\u00ba de ESO. Proyecto de Innovaci\u00f3n Docente \u201cClick para responder\u201d<\/em> (17-jun., Tutor: J. Salido, Nota: <strong>7<\/strong>).<\/li>\r\n<li>Alfredo Pe\u00f1a Carvallo de Cora, TFG <em>\u00abWatchItNow -Sistema de recomendaci\u00f3n de contenido multimedia\u00bb<\/em> (20-feb., Tutor: J. Salido, Nota: <strong>8<\/strong>).<\/li>\r\n<\/ul>\r\n<h1>2024<\/h1>\r\n<ul>\r\n<li>N\u00e9stor L\u00f3pez Torres, TFG <em>\u00abSmartdocs: creaci\u00f3n automatizada de documentos desde plantillas\u00bb<\/em> (4-sep., Tutores: J. Salido y E. Valverde, Nota: <strong>8.5<\/strong>).<\/li>\r\n<li>Israel Mateos Aparicio Ruiz Santa-Quiteria, TFG <em>\u00abImplementaci\u00f3n de un plugin de caracterizaci\u00f3n de regiones histol\u00f3gicas en im\u00e1genes microsc\u00f3picas mediante aprendizaje profundo\u00bb<\/em> (17-jul., Tutores: J. Salido y\u00a0 A. Pedraza, Nota: <strong>10-MH<\/strong>).<\/li>\r\n<li>Noel Fern\u00e1ndez de Sevilla S\u00e1nchez, TFG <em>\u00abDise\u00f1o y desarrollo de una plataforma web para gestionar la subscripci\u00f3n de talleres de veh\u00edculos a una red global\u00bb<\/em> (15-jul., Tutores: J. Salido y S. Mart\u00edn, Nota: <strong>7<\/strong>).<\/li>\r\n<\/ul>\r\n<h1>2023<\/h1>\r\n<ul>\r\n<li>Fernando Mata Cano, TFG <em>\u00abDesarrollo de un sistema de control de una pr\u00f3tesis de extremidad superior mediante componentes de bajo coste\u00bb<\/em> (13-dic., Tutores: J. Salido; Nota: <strong>7<\/strong>).<\/li>\r\n<li>Jos\u00e9 Luis Cabezas Velasco, TFG <em>\u00abGesti\u00f3n Automatizada de albaranes integrada con Smartwaste\u00bb<\/em> (6-sep., Tutores: J. Salido y M.A. Somoza, Nota: <strong>9.5<\/strong>).<\/li>\r\n<li>\u00c1lvaro Pardo Benito, TFG <em>\u00abPrototipo de un sistema de control de riego IoT con gesti\u00f3n en Microsoft Dynamics 365\u00bb<\/em> (23-feb., Tutores: J. Salido y S. Moraga, Nota: <strong>10-MH<\/strong>).<\/li>\r\n<\/ul>\r\n<h1>2021<\/h1>\r\n<ul>\r\n<li>Elena Mar\u00eda Ruiz Izquierdo, TFG <em>\u00abTinci\u00f3n digital en im\u00e1genes microsc\u00f3picas multiespectrales. Aplicaci\u00f3n a la identificaci\u00f3n del c\u00e1ncer de mama\u00bb<\/em> (8-sep., Tutores: J. Salido y M.G. Bueno, Nota: <strong>10<\/strong>).<\/li>\r\n<li>Guillermo Carmelo Chac\u00f3n Mill\u00e1n, TFG <em>\u00abSistema de telemicroscop\u00eda aplicado a microscop\u00eda digital con un microscopio de bajo coste automatizado\u00bb<\/em> (8-sep., Tutores: J. Salido y J. Ruiz-Santaquiteria, Nota: <strong>10<\/strong>).<\/li>\r\n<li>H\u00e9ctor Moreno S\u00e1nchez, TFG\u00a0<em>\u00abSistema autom\u00e1tico para la detecci\u00f3n y clasificaci\u00f3n de microorganismos en im\u00e1genes de muestras biol\u00f3gicas\u00bb<\/em> (8-sep., Tutores: J. Salido y N. Vallez, Nota: <strong>9.5<\/strong>).<\/li>\r\n<li>Mario Mu\u00f1oz Jim\u00e9nez, TFG <em>\u00abImplementaci\u00f3n del protocolo SAE J1708 en un sistema de l\u00f3gica programable\u00bb<\/em> (21-jul., Tutores: J. Salido y J. Carre\u00f1o, Nota: <strong>9.5<\/strong>).<\/li>\r\n<li>Pablo Tom\u00e1s Toledano Gonz\u00e1lez, TFG <em>\u00abMicroHikari 3D: Transformando una impresora 3D en un microscopio\u00bb<\/em> (21-jul., Tutores: J. Salido y N. Vallez, Nota: <strong>10-MH<\/strong>).<\/li>\r\n<\/ul>\r\n<h1>2020<\/h1>\r\n<ul>\r\n<li>Jos\u00e9 Manuel Heredia Oliver, TFG <em>\u00abDise\u00f1o de distribuci\u00f3n Linux Embebido para dispositivo telem\u00e1tico\u00bb<\/em> (11-sep., Tutores: J. Salido y J. Carre\u00f1o, Nota: <strong>8.7<\/strong>).<\/li>\r\n<li>Alberto Velasco Mata (ingl\u00e9s), TFG <em>\u00abHuman pose information as an improvement factor for handgun detection\u00bb<\/em> (23-jul., Tutores: J. Salido y 0. D\u00e9niz, Nota: <strong>9.5<\/strong>).<\/li>\r\n<\/ul>\r\n<h1>2019<\/h1>\r\n<ul>\r\n<li>Javier C\u00f3rdoba Romero, TFG (ingl\u00e9s) <em>\u00abMultispectral Cancer Analysis with Microscopic Images of Breast Biopsies\u00bb<\/em> (10-sep., Tutores: J. Salido y N. Vallez, Nota: <strong>9.5<\/strong>).<\/li>\r\n<li>Fernando Vallejo Banegas, TFG <em>\u00abEstudio y desarrollo de t\u00e9cnicas de generaci\u00f3n de descriptores de imagen 2D\u00bb<\/em> (18-jul., Tutores: J. Salido y L. Ripoll, Nota: <strong>9<\/strong>).<\/li>\r\n<\/ul>\r\n<h1>2018<\/h1>\r\n<ul>\r\n<li>Jes\u00fas Alc\u00e1zar Rodr\u00edguez, TFG <em>\u00abMindReader: Sistema multimodal de interfaz hombre-m\u00e1quina para el an\u00e1lisis de emociones\u00bb<\/em> (25-oct., Dir.: J. Salido y E. Garc\u00eda, Nota: <strong>9<\/strong>).<\/li>\r\n<\/ul>\r\n<h1>2016<\/h1>\r\n<ul>\r\n<li>Javier Parra Pati\u00f1o, TFG \u00ab<em>Control de drones basado en MAVLink para la plataforma Eyes of Things\u00bb<\/em> (22-dic., Dir.: J. Salido y N. Vallez, Nota: <strong>9<\/strong>).<\/li>\r\n<li>Felipe Terriza Garc\u00eda-Mu\u00f1oz, PFC <em>\u00abAplicaci\u00f3n Web para Ayuda al Diagn\u00f3stico de la Enfermedad de Alzheimer\u00bb<\/em>\u00a0 (9-sep., Dirs.: M.M. Fern\u00e1ndez y J. Salido, Nota: <strong>8.5<\/strong>).<\/li>\r\n<li>Jes\u00fas Ruiz-Santaquiteria Alegre, TFG <em>\u00abSistema de bajo coste para la digitalizaci\u00f3n autom\u00e1tica de muestras microsc\u00f3picas\u00bb<\/em> (8-sep., Dir.: J. Salido y J.Luis Espinosa, Nota: <strong>10-MH<\/strong>).<\/li>\r\n<li>Anibal Pedraza Dorado, TFG <em>\u00abAutomatic recognition of diatoms and its application to the study of water quality\u00bb<\/em> (8-sep., Dir.: J. Salido y O. D\u00e9niz, Nota: <strong>10-MH<\/strong>).<\/li>\r\n<li>Samuel L\u00f3pez Mart\u00edn de Vidales, TFG <em>\u00abAplicaci\u00f3n para el Diagn\u00f3stico de Demencias y Deterioros Cognitivos mediante Test Neuropsicol\u00f3gicos\u00bb<\/em> (15-jul., Dir.: J. Salido y I. Serrano, Nota: <strong>10-MH<\/strong>).<\/li>\r\n<\/ul>\r\n<h1>2015<\/h1>\r\n<ul>\r\n<li>Alicia Romero Vela, PFC <em>\u00abPinPark: Aplicaci\u00f3n m\u00f3vil para asistencia al acceso a plazas de aparcamiento especiales\u00bb<\/em> (19-jun., Dir.: J. Salido, Nota: <strong>9.5<\/strong>).<\/li>\r\n<li>Jos\u00e9 Mar\u00eda Rico Saavedra, PFC <em>\u00abFTDROID: Librer\u00eda de comunicaci\u00f3n Bluetooth entre dispositivos Android y la interfaz fischertechnik ROBO TX Controller\u00bb<\/em> (19-jun., Dir.: J. Salido, Nota: <strong>9<\/strong>)<\/li>\r\n<li>Mar\u00eda Nieves Lajara S\u00e1nchez, PFC <em>\u00abBus-Real: Aplicaci\u00f3n m\u00f3vil de informaci\u00f3n de transporte urbano de Ciudad Real\u00bb<\/em> (6-feb., Dirs.: O. D\u00e9niz y J. Salido, Nota: <strong>9.5<\/strong>).<\/li>\r\n<\/ul>\r\n<h1>2014<\/h1>\r\n<ul>\r\n<li>Gema D\u00edaz Pizarro, TFG <em>\u00abDetecci\u00f3n de lesiones en mamograf\u00edas y ecograf\u00edas para el diagn\u00f3stico del c\u00e1ncer de mama\u00bb<\/em> (14-feb., Dirs.: G. Bueno y J. Salido, Nota: 8,5).<\/li>\r\n<li>Jos\u00e9 Carlos Rodr\u00edguez del Salado, PFC <em>\u00abDetecci\u00f3n y Parametrizaci\u00f3n Conjunta del Movimiento de \u00d3rganos de Inter\u00e9s en Radioterapia\u00bb<\/em> (7-feb., Dirs.: G. Bueno y J. Salido, Nota: 9).<\/li>\r\n<\/ul>\r\n<h1>2013<\/h1>\r\n<ul>\r\n<li>Luis Alberto Mansilla Gallego-Preciados, PFC <em>\u00abPLCj: PLC sobre plataforma Java para control de prototipos f\u00edsicos con prop\u00f3sito educativo\u00bb<\/em> (14-jun., Dir.: J. Salido, Nota: <strong>8.5<\/strong>).<\/li>\r\n<li>Emilio Blazquez Sierra, PFC <em>\u00abMetroCan: Una aplicaci\u00f3n de planificaci\u00f3n de rutas de metro con soporte de accesibilidad\u00bb<\/em> (13-sep., Dir.: J. Salido, Nota: <strong>10-MH<\/strong>).<\/li>\r\n<li>Julio Alberto Pat\u00f3n Incertis, TFG <em>\u00abOCR para invidentes y personas de visi\u00f3n reducida empleando dispositivo m\u00f3vil\u00bb<\/em> (19-jul., Dirs.: O. D\u00e9niz y J. Salido, Nota: <strong>9<\/strong>).<\/li>\r\n<li>Jos\u00e9 Mar\u00eda Gutierrez Gutierrez, PFC <em>\u00abAplicaci\u00f3n M\u00f3vil de Diagn\u00f3stico de Enfermedades Neurodegenerativas\u00bb<\/em> (13-sep., Dirs.: G. Bueno y J. Salido, Nota: <strong>8<\/strong>).<\/li>\r\n<li>Francisco Torres P\u00e9rez, PFC <em>\u00abSistema de apoyo a la interacci\u00f3n para el invidente basado en dispositivos m\u00f3viles\u00bb<\/em> (13-sep., Dirs.: O. D\u00e9niz y J. Salido, Nota: <strong>8<\/strong>).<\/li>\r\n<li>Eduardo Serrano Alejo, PFC <em>\u00abAvatares interactivos para dispositivos m\u00f3viles\u00bb<\/em> (13-sep., Dirs.: O. D\u00e9niz y J. Salido, Nota: <strong>7<\/strong>).<\/li>\r\n<\/ul>\r\n<h1>2012<\/h1>\r\n<ul>\r\n<li>Ismael Serrano Gracia, TFG <em>\u00abASM Facial Combinando Imagen Visible y de Profundidad\u00bb<\/em> (15-jun., Dirs.: O. D\u00e9niz y J. Salido, Nota: <strong>10<\/strong>).<\/li>\r\n<\/ul>\r\n<h1>2011<\/h1>\r\n<ul>\r\n<li>Jes\u00fas Salinas Gonz\u00e1lez, PFC <em>\u00abVigilancia autom\u00e1tica con apoyo de sensores l\u00e1ser\u00bb<\/em> (16-sep., Dirs.: O. D\u00e9niz y J. Salido, Nota: <strong>9.5<\/strong>)<\/li>\r\n<li>Antonio Anti\u00f1olo Navas, PFC <em>\u00abmobiSAICA: Aplicaci\u00f3n m\u00f3vil de asistencia remota al mantenimiento del sistema autom\u00e1tico de calidad de las aguas en la Confederaci\u00f3n Hidrogr\u00e1fica del Segura\u00bb<\/em> (4-sep., Dir.: J. Salido, Nota: <strong>9<\/strong>).<\/li>\r\n<\/ul>\r\n<h1>2010<\/h1>\r\n<ul>\r\n<li>M\u00aa del Milagro Fern\u00e1ndez Carrobles, PFC <em>\u00abFTPack: Framework de programaci\u00f3n de sistemas automatizados educativos basado en Eclipse\u00bb<\/em> (12-feb., Dir.: J. Salido, Nota: <strong>10-MH<\/strong>).<\/li>\r\n<\/ul>\r\n<h1>2009<\/h1>\r\n<ul>\r\n<li>Alfonso Franco Garc\u00eda, PFC <em>\u00abEduPLC: Entorno de programaci\u00f3n de sistemas para interfaces fischertechnik\u00bb\u00a0<\/em> (18-sep., Dir.: J. Salido, Nota: <strong>8<\/strong>).<\/li>\r\n<li>Enrique Bermejo Nievas, PFC <em>\u00abSistema de seguridad basado en detecci\u00f3n de conductas sospechosas mediante visi\u00f3n artificial\u00bb<\/em> (18-sep., Dirs.: O. D\u00e9niz y J. Salido, Nota: <strong>9<\/strong>)<\/li>\r\n<li>Noelia V\u00e1llez Enano, PFC <em>\u00abMamoCAD: Sistema CAD por imagen integrado en la historia cl\u00ednica electr\u00f3nica\u00bb<\/em> (18-sep., Dirs.: G. Bueno, J. Salido, Nota: <strong>9<\/strong>)<\/li>\r\n<li>Juan Vidal Allende, PFC \u00abSistema autom\u00e1tico de digitalizaci\u00f3n y an\u00e1lisis de im\u00e1genes microsc\u00f3picas\u00bb (18-sep., Dirs.: G. Bueno, O. D\u00e9niz y J. Salido, Nota: <strong>8,5<\/strong>)<\/li>\r\n<li>Antonio Lillo Carrasco, PFC <em>\u00abCtrWeb:Herramienta de programaci\u00f3n para telecontrol de sistemas f\u00edsicos\u00bb<\/em> (18-sep., Dir.: J. Salido, Nota: <strong>9<\/strong>).<\/li>\r\n<\/ul>\r\n<h1>2007<\/h1>\r\n<ul>\r\n<li>\u00d3scar G\u00f3mez Garc\u00eda, PFC <em>\u00abSimProc: Simulador gr\u00e1fico de procesos secuenciales automatizados\u00bb<\/em> (20-sep., Dir.: J. Salido, Nota: <strong>10-MH<\/strong>).<\/li>\r\n<\/ul>\r\n","protected":false},"excerpt":{"rendered":"<p>TFE dirigidos en el Grupo VISILAB \u00a0 2025 Francisco Joaqu\u00edn Molina Fl\u00f3rez, TFG \u00abAGROTECH-Plataforma de monitorizaci\u00f3n y optimizaci\u00f3n agr\u00edcola basada en datos meteorol\u00f3gicos y gesti\u00f3n inteligente\u00bb (4-sep., Tutor: J. Salido, Nota: 9.5). Alejandro Dur\u00e1n de la Morena, TFG \u00abAutomatizaci\u00f3n de la publicaci\u00f3n de aplicaciones sobre balanceadores F5\u00bb (23-jul., Tutores: J. Salido, D. Alc\u00e1zar, Nota: 9.5). [&hellip;]<\/p>\n","protected":false},"author":1,"featured_media":0,"parent":0,"menu_order":0,"comment_status":"closed","ping_status":"closed","template":"page-templates\/page-left-column.php","meta":{"jetpack_post_was_ever_published":false,"footnotes":"","_links_to":"","_links_to_target":""},"class_list":["post-2068","page","type-page","status-publish","hentry"],"yoast_head":"<!-- This site is optimized with the Yoast SEO plugin v26.4 - https:\/\/yoast.com\/wordpress\/plugins\/seo\/ -->\n<title>TFE dirigidos en el Grupo VISILAB VISILAB<\/title>\n<meta name=\"robots\" content=\"index, follow, max-snippet:-1, max-image-preview:large, max-video-preview:-1\" \/>\n<link rel=\"canonical\" href=\"https:\/\/visilab.etsii.uclm.es\/?page_id=2068\" \/>\n<meta property=\"og:locale\" content=\"es_ES\" \/>\n<meta property=\"og:type\" content=\"article\" \/>\n<meta property=\"og:title\" content=\"TFE dirigidos en el Grupo VISILAB VISILAB\" \/>\n<meta property=\"og:description\" content=\"TFE dirigidos en el Grupo VISILAB \u00a0 2025 Francisco Joaqu\u00edn Molina Fl\u00f3rez, TFG \u00abAGROTECH-Plataforma de monitorizaci\u00f3n y optimizaci\u00f3n agr\u00edcola basada en datos meteorol\u00f3gicos y gesti\u00f3n inteligente\u00bb (4-sep., Tutor: J. Salido, Nota: 9.5). Alejandro Dur\u00e1n de la Morena, TFG \u00abAutomatizaci\u00f3n de la publicaci\u00f3n de aplicaciones sobre balanceadores F5\u00bb (23-jul., Tutores: J. Salido, D. Alc\u00e1zar, Nota: 9.5). [&hellip;]\" \/>\n<meta property=\"og:url\" content=\"https:\/\/visilab.etsii.uclm.es\/?page_id=2068\" \/>\n<meta property=\"og:site_name\" content=\"VISILAB\" \/>\n<meta property=\"article:modified_time\" content=\"2025-09-05T07:16:31+00:00\" \/>\n<meta name=\"twitter:card\" content=\"summary_large_image\" \/>\n<meta name=\"twitter:site\" content=\"@GrupoVisilab\" \/>\n<meta name=\"twitter:label1\" content=\"Tiempo de lectura\" \/>\n\t<meta name=\"twitter:data1\" content=\"6 minutos\" \/>\n<script type=\"application\/ld+json\" class=\"yoast-schema-graph\">{\"@context\":\"https:\/\/schema.org\",\"@graph\":[{\"@type\":\"WebPage\",\"@id\":\"https:\/\/visilab.etsii.uclm.es\/?page_id=2068\",\"url\":\"https:\/\/visilab.etsii.uclm.es\/?page_id=2068\",\"name\":\"TFE dirigidos en el Grupo VISILAB VISILAB\",\"isPartOf\":{\"@id\":\"https:\/\/visilab.etsii.uclm.es\/#website\"},\"datePublished\":\"2017-04-25T12:54:18+00:00\",\"dateModified\":\"2025-09-05T07:16:31+00:00\",\"breadcrumb\":{\"@id\":\"https:\/\/visilab.etsii.uclm.es\/?page_id=2068#breadcrumb\"},\"inLanguage\":\"es\",\"potentialAction\":[{\"@type\":\"ReadAction\",\"target\":[\"https:\/\/visilab.etsii.uclm.es\/?page_id=2068\"]}]},{\"@type\":\"BreadcrumbList\",\"@id\":\"https:\/\/visilab.etsii.uclm.es\/?page_id=2068#breadcrumb\",\"itemListElement\":[{\"@type\":\"ListItem\",\"position\":1,\"name\":\"Portada\",\"item\":\"http:\/\/visilab.etsii.uclm.es\/?page_id=1029\"},{\"@type\":\"ListItem\",\"position\":2,\"name\":\"TFE dirigidos en el Grupo VISILAB\"}]},{\"@type\":\"WebSite\",\"@id\":\"https:\/\/visilab.etsii.uclm.es\/#website\",\"url\":\"https:\/\/visilab.etsii.uclm.es\/\",\"name\":\"VISILAB\",\"description\":\"Grupo de Visi\u00f3n y Sistemas Inteligentes UCLM\",\"potentialAction\":[{\"@type\":\"SearchAction\",\"target\":{\"@type\":\"EntryPoint\",\"urlTemplate\":\"https:\/\/visilab.etsii.uclm.es\/?s={search_term_string}\"},\"query-input\":{\"@type\":\"PropertyValueSpecification\",\"valueRequired\":true,\"valueName\":\"search_term_string\"}}],\"inLanguage\":\"es\"}]}<\/script>\n<!-- \/ Yoast SEO plugin. -->","yoast_head_json":{"title":"TFE dirigidos en el Grupo VISILAB VISILAB","robots":{"index":"index","follow":"follow","max-snippet":"max-snippet:-1","max-image-preview":"max-image-preview:large","max-video-preview":"max-video-preview:-1"},"canonical":"https:\/\/visilab.etsii.uclm.es\/?page_id=2068","og_locale":"es_ES","og_type":"article","og_title":"TFE dirigidos en el Grupo VISILAB VISILAB","og_description":"TFE dirigidos en el Grupo VISILAB \u00a0 2025 Francisco Joaqu\u00edn Molina Fl\u00f3rez, TFG \u00abAGROTECH-Plataforma de monitorizaci\u00f3n y optimizaci\u00f3n agr\u00edcola basada en datos meteorol\u00f3gicos y gesti\u00f3n inteligente\u00bb (4-sep., Tutor: J. Salido, Nota: 9.5). Alejandro Dur\u00e1n de la Morena, TFG \u00abAutomatizaci\u00f3n de la publicaci\u00f3n de aplicaciones sobre balanceadores F5\u00bb (23-jul., Tutores: J. Salido, D. Alc\u00e1zar, Nota: 9.5). [&hellip;]","og_url":"https:\/\/visilab.etsii.uclm.es\/?page_id=2068","og_site_name":"VISILAB","article_modified_time":"2025-09-05T07:16:31+00:00","twitter_card":"summary_large_image","twitter_site":"@GrupoVisilab","twitter_misc":{"Tiempo de lectura":"6 minutos"},"schema":{"@context":"https:\/\/schema.org","@graph":[{"@type":"WebPage","@id":"https:\/\/visilab.etsii.uclm.es\/?page_id=2068","url":"https:\/\/visilab.etsii.uclm.es\/?page_id=2068","name":"TFE dirigidos en el Grupo VISILAB VISILAB","isPartOf":{"@id":"https:\/\/visilab.etsii.uclm.es\/#website"},"datePublished":"2017-04-25T12:54:18+00:00","dateModified":"2025-09-05T07:16:31+00:00","breadcrumb":{"@id":"https:\/\/visilab.etsii.uclm.es\/?page_id=2068#breadcrumb"},"inLanguage":"es","potentialAction":[{"@type":"ReadAction","target":["https:\/\/visilab.etsii.uclm.es\/?page_id=2068"]}]},{"@type":"BreadcrumbList","@id":"https:\/\/visilab.etsii.uclm.es\/?page_id=2068#breadcrumb","itemListElement":[{"@type":"ListItem","position":1,"name":"Portada","item":"http:\/\/visilab.etsii.uclm.es\/?page_id=1029"},{"@type":"ListItem","position":2,"name":"TFE dirigidos en el Grupo VISILAB"}]},{"@type":"WebSite","@id":"https:\/\/visilab.etsii.uclm.es\/#website","url":"https:\/\/visilab.etsii.uclm.es\/","name":"VISILAB","description":"Grupo de Visi\u00f3n y Sistemas Inteligentes UCLM","potentialAction":[{"@type":"SearchAction","target":{"@type":"EntryPoint","urlTemplate":"https:\/\/visilab.etsii.uclm.es\/?s={search_term_string}"},"query-input":{"@type":"PropertyValueSpecification","valueRequired":true,"valueName":"search_term_string"}}],"inLanguage":"es"}]}},"jetpack_sharing_enabled":true,"jetpack_shortlink":"https:\/\/wp.me\/P5HIwh-xm","_links":{"self":[{"href":"https:\/\/visilab.etsii.uclm.es\/index.php?rest_route=\/wp\/v2\/pages\/2068","targetHints":{"allow":["GET"]}}],"collection":[{"href":"https:\/\/visilab.etsii.uclm.es\/index.php?rest_route=\/wp\/v2\/pages"}],"about":[{"href":"https:\/\/visilab.etsii.uclm.es\/index.php?rest_route=\/wp\/v2\/types\/page"}],"author":[{"embeddable":true,"href":"https:\/\/visilab.etsii.uclm.es\/index.php?rest_route=\/wp\/v2\/users\/1"}],"replies":[{"embeddable":true,"href":"https:\/\/visilab.etsii.uclm.es\/index.php?rest_route=%2Fwp%2Fv2%2Fcomments&post=2068"}],"version-history":[{"count":28,"href":"https:\/\/visilab.etsii.uclm.es\/index.php?rest_route=\/wp\/v2\/pages\/2068\/revisions"}],"predecessor-version":[{"id":3775,"href":"https:\/\/visilab.etsii.uclm.es\/index.php?rest_route=\/wp\/v2\/pages\/2068\/revisions\/3775"}],"wp:attachment":[{"href":"https:\/\/visilab.etsii.uclm.es\/index.php?rest_route=%2Fwp%2Fv2%2Fmedia&parent=2068"}],"curies":[{"name":"wp","href":"https:\/\/api.w.org\/{rel}","templated":true}]}}