{"id":440,"date":"2015-02-16T20:35:13","date_gmt":"2015-02-16T19:35:13","guid":{"rendered":"http:\/\/161.67.140.60\/visilab_home\/?page_id=440"},"modified":"2024-12-20T11:41:00","modified_gmt":"2024-12-20T10:41:00","slug":"people","status":"publish","type":"page","link":"https:\/\/visilab.etsii.uclm.es\/?page_id=440","title":{"rendered":"People"},"content":{"rendered":"<h3>Dr. Gloria Bueno<\/h3>\n<p><img decoding=\"async\" src=\"http:\/\/visilab.etsii.uclm.es\/wp-content\/uploads\/2017\/05\/gloria-bueno.png\" alt=\"Gloria Bueno - Visilab\" width=\"130\" \/><\/p>\n<p>Is a Full Professor at the School of Engineering in <a href=\"http:\/\/uclm.es\/\" target=\"_blank\" rel=\"noopener noreferrer\">UCLM<\/a>, at Ciudad Real, Spain since 2002. She holds a PhD in Machine Vision obtained at Coventry University in 1998. She has carried on her research activities at different research centres, such as: Centro de Estudios e Investigaciones T\u00e9cnicas de Guipuzkoa &#8211; San Sebasti\u00e1n (E), Centre National de la Recherche Scientifique, H\u00f4pitaux Civil &amp; Telecommunication School, Univ. Louis Pasteur, Strasbourg (FR) and Gilbert Gilkes &amp; Gordon Technology, Kendal (UK). She is leading different national and European research project in biomedical image processing. Her current interests are in signal and image processing, modeling and artificial intelligence.<\/p>\n<h3><a href=\"http:\/\/visilab.etsii.uclm.es\/?page_id=1065\" target=\"_blank\" rel=\"noopener noreferrer\">Dr. Oscar Deniz<\/a><\/h3>\n<p><a href=\"http:\/\/visilab.etsii.uclm.es\/?page_id=1065\" target=\"_blank\" rel=\"noopener noreferrer\"><img decoding=\"async\" src=\"http:\/\/visilab.etsii.uclm.es\/wp-content\/uploads\/2017\/11\/oscardeniz.png\" alt=\"Oscar Deniz - Visilab\" width=\"130\" \/><\/a><\/p>\n<p>He is a Full Professor at the School of Engineering in <a href=\"http:\/\/uclm.es\/\" target=\"_blank\" rel=\"noopener noreferrer\">UCLM.<\/a>\u00a0His research interests are mainly focused on computer vision and pattern recognition. He is the author of more than 50 refereed papers in journals and conferences. He has published two books on OpenCV. He has served as visiting researcher at Carnegie Mellon University (USA) , Imperial College London (UK) and Leica Biosystems (Ireland). Currently, he is a Full Professor at <a href=\"http:\/\/uclm.es\/\" target=\"_blank\" rel=\"noopener noreferrer\">UCLM<\/a> and contributes to VISILAB. He is a Senior Member of IEEE and is affiliated with the AAAI, SIANI, CEA-IFAC, AEPIA, AERFAI-IAPR and The Computer Vision Foundation. He serves as an Academic Editor of Journal PLoS ONE. He has been coordinator of European Project \u00abEyes of Things\u00bb, an Innovation Action funded by the H2020 programme. Reviewer \/ Technical Expert for EU programs such as Eurostars.<br \/>\n<a href=\"http:\/\/visilab.etsii.uclm.es\/?page_id=1065\" target=\"_blank\" rel=\"noopener noreferrer\">More Information<\/a><\/p>\n<h3><a href=\"http:\/\/visilab.etsii.uclm.es\/?page_id=543\" target=\"_blank\" rel=\"noopener noreferrer\">Dr. Jes\u00fas Salido<\/a><\/h3>\n<p><a href=\"http:\/\/visilab.etsii.uclm.es\/?page_id=543\" target=\"_blank\" rel=\"noopener noreferrer\"><img decoding=\"async\" src=\"http:\/\/visilab.etsii.uclm.es\/wp-content\/uploads\/2015\/07\/jesus.jpg\" alt=\"Jesus Salido - Visilab\" width=\"130\" \/><\/a><\/p>\n<p>Associate Professor and principal researcher at the <a href=\"http:\/\/uclm.es\/\" target=\"_blank\" rel=\"noopener noreferrer\">UCLM<\/a> in the School of Informatics (Ciudad Real, Spain) since January 1999. Electrical Engineer and Doctor of Robotics and Artificial Intelligence from Polytechnic University of Madrid (UPM). He has made his previous research in the Industrial Automation Institute, CSIC (Arganda del Rey, Spain) and The Robotics Institute, Carnegie Mellon University (Pittsburgh, USA). He has participated in national and international projects in the areas of Distributed Artificial Intelligence and Advanced Robotics. His current interests are focused on the implementation of intelligent systems and computer vision applications. <a href=\"http:\/\/visilab.etsii.uclm.es\/?page_id=543\" target=\"_blank\" rel=\"noopener noreferrer\">More Information<\/a><\/p>\n<p><strong>Dr. Noelia Vallez<\/strong>:<\/p>\n<p><img decoding=\"async\" src=\"http:\/\/visilab.etsii.uclm.es\/wp-content\/uploads\/2015\/06\/noelia.png\" alt=\"Noelia Vallez - Visilab\" width=\"100\" \/><\/p>\n<p>Assistant Professor. Computer Engineer. Master in Physics and Mathematics. PhD in Science and Technologies applied to Industrial Engineering <a href=\"http:\/\/uclm.es\/\" target=\"_blank\" rel=\"noopener noreferrer\">UCLM<\/a>.<\/p>\n<p><strong>Dr. <a href=\"https:\/\/sites.google.com\/view\/harbinder-fusion\/home?authuser=0\">Harbinder Singh<\/a><\/strong>:<\/p>\n<p><img decoding=\"async\" src=\"http:\/\/visilab.etsii.uclm.es\/wp-content\/uploads\/2023\/06\/HARBINDER-carnet.jpg\" alt=\"Harbinder Singh - Visilab\" width=\"100\" height=\"390\" \/><\/p>\n<p>Researcher. Electronics and Communication Engineering. PhD in Computer Vision.<\/p>\n<p><strong>Dr. Jes\u00fas Ru\u00edz-Santaquiteria<\/strong>:<\/p>\n<p><img decoding=\"async\" class=\"alignnone\" src=\"http:\/\/visilab.etsii.uclm.es\/wp-content\/uploads\/2024\/12\/foto_JesusRuiz.jpg\" alt=\"Jesus Ruiz - Visilab\" width=\"100\" height=\"418\" \/><\/p>\n<p>Researcher. Degree in Computer Engineering <a href=\"http:\/\/uclm.es\/\" target=\"_blank\" rel=\"noopener noreferrer\">UCLM<\/a>.<\/p>\n<p><strong>Dr. An\u00edbal Pedraza<\/strong>:<\/p>\n<p><img decoding=\"async\" src=\"http:\/\/visilab.etsii.uclm.es\/wp-content\/uploads\/2020\/09\/recortada-e1599826103534.png\" alt=\"Anibal Pedraza - Visilab\" width=\"100\" \/><\/p>\n<p>Researcher. Degree in Computer Engineering <a href=\"http:\/\/uclm.es\/\" target=\"_blank\" rel=\"noopener noreferrer\">UCLM<\/a>. PhD in Science and Technologies applies to Industrial Engineering UCLM.<\/p>\n<p><strong>Luc\u00eda S\u00e1nchez<\/strong>:<\/p>\n<p><img fetchpriority=\"high\" decoding=\"async\" src=\"http:\/\/visilab.etsii.uclm.es\/wp-content\/uploads\/2022\/10\/WhatsApp-Image-2022-09-27-at-09.12.29-e1664980980223.jpeg\" alt=\"Luc\u00eda Gonz\u00e1lez - Visilab\" width=\"100\" height=\"621\" \/><\/p>\n<p>Assistant researcher. Degree in Industrial Electronics and Automation <a href=\"http:\/\/uclm.es\/\" target=\"_blank\" rel=\"noopener noreferrer\">UCLM<\/a>.<\/p>\n<p><strong>Pablo del Hoyo<\/strong>:<\/p>\n<p><img decoding=\"async\" src=\"http:\/\/visilab.etsii.uclm.es\/wp-content\/uploads\/2023\/07\/Pablo_Del_Hoyo.jpg\" alt=\"Luis Miguel - Visilab\" width=\"100\" \/><\/p>\n<p>Assistant researcher. Degree in Computer Engineering <a href=\"http:\/\/uclm.es\/\" target=\"_blank\" rel=\"noopener noreferrer\">UCLM<\/a>.<\/p>\n<p><strong>Israel Mateos<\/strong>:<\/p>\n<p><img decoding=\"async\" src=\"http:\/\/visilab.etsii.uclm.es\/wp-content\/uploads\/2023\/07\/MateosAparicio_Israel_FotoPerfil.jpg\" alt=\"Israel Mateos - Visilab\" width=\"100\" \/><\/p>\n<p>Assistant researcher. Student, Degree in Computer Engineering <a href=\"http:\/\/uclm.es\/\" target=\"_blank\" rel=\"noopener noreferrer\">UCLM<\/a>.<\/p>\n<p><strong>Hugo Albandea:<\/strong><\/p>\n<p><img decoding=\"async\" src=\"http:\/\/visilab.etsii.uclm.es\/wp-content\/uploads\/2024\/12\/Foto_HugoAlbandea.jpeg\" alt=\"Israel Mateos - Visilab\" width=\"100\" \/><\/p>\n<p>Assistant researcher. Student, Degree in Computer Engineering <a href=\"http:\/\/uclm.es\/\" target=\"_blank\" rel=\"noopener noreferrer\">UCLM<\/a>.<\/p>\n<p><strong>Pedro Montealegre:<\/strong><\/p>\n<p><img decoding=\"async\" src=\"http:\/\/visilab.etsii.uclm.es\/wp-content\/uploads\/2024\/12\/foto_PedroMontealegre.jpg\" alt=\"Israel Mateos - Visilab\" width=\"100\" \/><\/p>\n<p>Assistant researcher. Degree in Mathemathics <a href=\"http:\/\/ucm.es\/\" target=\"_blank\" rel=\"noopener noreferrer\">UCM<\/a>.<\/p>\n<p><strong>Mar\u00eda Blanco:<\/strong><\/p>\n<p><img decoding=\"async\" src=\"http:\/\/visilab.etsii.uclm.es\/wp-content\/uploads\/2024\/12\/Foto_MariaBlanco.jpg\" alt=\"Israel Mateos - Visilab\" width=\"100\" \/><\/p>\n<p>Assistant researcher. Student, Degree in Computer Engineering <a href=\"http:\/\/uclm.es\/\" target=\"_blank\" rel=\"noopener noreferrer\">UCLM<\/a>.<\/p>\n","protected":false},"excerpt":{"rendered":"<p>Dr. Gloria Bueno Is a Full Professor at the School of Engineering in UCLM, at Ciudad Real, Spain since 2002. She holds a PhD in Machine Vision obtained at Coventry University in 1998. She has carried on her research activities at different research centres, such as: Centro de Estudios e Investigaciones T\u00e9cnicas de Guipuzkoa &#8211; [&hellip;]<\/p>\n","protected":false},"author":1,"featured_media":0,"parent":0,"menu_order":0,"comment_status":"closed","ping_status":"closed","template":"page-templates\/page-full-width.php","meta":{"jetpack_post_was_ever_published":false,"footnotes":"","_links_to":"","_links_to_target":""},"class_list":["post-440","page","type-page","status-publish","hentry"],"yoast_head":"<!-- This site is optimized with the Yoast SEO plugin v26.4 - https:\/\/yoast.com\/wordpress\/plugins\/seo\/ -->\n<title>People Visilab | Computer Vision and Artificial Intelligence research group<\/title>\n<meta name=\"description\" content=\"The VISILAB research group is formed by a number of professors and researchers from Universidad de Castilla-La Mancha (UCLM) at Ciudad Real.\" \/>\n<meta name=\"robots\" content=\"index, follow, max-snippet:-1, max-image-preview:large, max-video-preview:-1\" \/>\n<link rel=\"canonical\" href=\"https:\/\/visilab.etsii.uclm.es\/?page_id=440\" \/>\n<meta property=\"og:locale\" content=\"es_ES\" \/>\n<meta property=\"og:type\" content=\"article\" \/>\n<meta property=\"og:title\" content=\"People Visilab | Computer Vision and Artificial Intelligence research group\" \/>\n<meta property=\"og:description\" content=\"The VISILAB research group is formed by a number of professors and researchers from Universidad de Castilla-La Mancha (UCLM) at Ciudad Real.\" \/>\n<meta property=\"og:url\" content=\"https:\/\/visilab.etsii.uclm.es\/?page_id=440\" \/>\n<meta property=\"og:site_name\" content=\"VISILAB\" \/>\n<meta property=\"article:modified_time\" content=\"2024-12-20T10:41:00+00:00\" \/>\n<meta property=\"og:image\" content=\"http:\/\/visilab.etsii.uclm.es\/wp-content\/uploads\/2017\/05\/gloria-bueno.png\" \/>\n<meta name=\"twitter:card\" content=\"summary_large_image\" \/>\n<meta name=\"twitter:site\" content=\"@GrupoVisilab\" \/>\n<meta name=\"twitter:label1\" content=\"Tiempo de lectura\" \/>\n\t<meta name=\"twitter:data1\" content=\"5 minutos\" \/>\n<script type=\"application\/ld+json\" class=\"yoast-schema-graph\">{\"@context\":\"https:\/\/schema.org\",\"@graph\":[{\"@type\":\"WebPage\",\"@id\":\"https:\/\/visilab.etsii.uclm.es\/?page_id=440\",\"url\":\"https:\/\/visilab.etsii.uclm.es\/?page_id=440\",\"name\":\"People Visilab | Computer Vision and Artificial Intelligence research group\",\"isPartOf\":{\"@id\":\"https:\/\/visilab.etsii.uclm.es\/#website\"},\"primaryImageOfPage\":{\"@id\":\"https:\/\/visilab.etsii.uclm.es\/?page_id=440#primaryimage\"},\"image\":{\"@id\":\"https:\/\/visilab.etsii.uclm.es\/?page_id=440#primaryimage\"},\"thumbnailUrl\":\"http:\/\/visilab.etsii.uclm.es\/wp-content\/uploads\/2017\/05\/gloria-bueno.png\",\"datePublished\":\"2015-02-16T19:35:13+00:00\",\"dateModified\":\"2024-12-20T10:41:00+00:00\",\"description\":\"The VISILAB research group is formed by a number of professors and researchers from Universidad de Castilla-La Mancha (UCLM) at Ciudad Real.\",\"breadcrumb\":{\"@id\":\"https:\/\/visilab.etsii.uclm.es\/?page_id=440#breadcrumb\"},\"inLanguage\":\"es\",\"potentialAction\":[{\"@type\":\"ReadAction\",\"target\":[\"https:\/\/visilab.etsii.uclm.es\/?page_id=440\"]}]},{\"@type\":\"ImageObject\",\"inLanguage\":\"es\",\"@id\":\"https:\/\/visilab.etsii.uclm.es\/?page_id=440#primaryimage\",\"url\":\"http:\/\/visilab.etsii.uclm.es\/wp-content\/uploads\/2017\/05\/gloria-bueno.png\",\"contentUrl\":\"http:\/\/visilab.etsii.uclm.es\/wp-content\/uploads\/2017\/05\/gloria-bueno.png\"},{\"@type\":\"BreadcrumbList\",\"@id\":\"https:\/\/visilab.etsii.uclm.es\/?page_id=440#breadcrumb\",\"itemListElement\":[{\"@type\":\"ListItem\",\"position\":1,\"name\":\"Portada\",\"item\":\"http:\/\/visilab.etsii.uclm.es\/?page_id=1029\"},{\"@type\":\"ListItem\",\"position\":2,\"name\":\"People\"}]},{\"@type\":\"WebSite\",\"@id\":\"https:\/\/visilab.etsii.uclm.es\/#website\",\"url\":\"https:\/\/visilab.etsii.uclm.es\/\",\"name\":\"VISILAB\",\"description\":\"Grupo de Visi\u00f3n y Sistemas Inteligentes UCLM\",\"potentialAction\":[{\"@type\":\"SearchAction\",\"target\":{\"@type\":\"EntryPoint\",\"urlTemplate\":\"https:\/\/visilab.etsii.uclm.es\/?s={search_term_string}\"},\"query-input\":{\"@type\":\"PropertyValueSpecification\",\"valueRequired\":true,\"valueName\":\"search_term_string\"}}],\"inLanguage\":\"es\"}]}<\/script>\n<!-- \/ Yoast SEO plugin. -->","yoast_head_json":{"title":"People Visilab | Computer Vision and Artificial Intelligence research group","description":"The VISILAB research group is formed by a number of professors and researchers from Universidad de Castilla-La Mancha (UCLM) at Ciudad Real.","robots":{"index":"index","follow":"follow","max-snippet":"max-snippet:-1","max-image-preview":"max-image-preview:large","max-video-preview":"max-video-preview:-1"},"canonical":"https:\/\/visilab.etsii.uclm.es\/?page_id=440","og_locale":"es_ES","og_type":"article","og_title":"People Visilab | Computer Vision and Artificial Intelligence research group","og_description":"The VISILAB research group is formed by a number of professors and researchers from Universidad de Castilla-La Mancha (UCLM) at Ciudad Real.","og_url":"https:\/\/visilab.etsii.uclm.es\/?page_id=440","og_site_name":"VISILAB","article_modified_time":"2024-12-20T10:41:00+00:00","og_image":[{"url":"http:\/\/visilab.etsii.uclm.es\/wp-content\/uploads\/2017\/05\/gloria-bueno.png","type":"","width":"","height":""}],"twitter_card":"summary_large_image","twitter_site":"@GrupoVisilab","twitter_misc":{"Tiempo de lectura":"5 minutos"},"schema":{"@context":"https:\/\/schema.org","@graph":[{"@type":"WebPage","@id":"https:\/\/visilab.etsii.uclm.es\/?page_id=440","url":"https:\/\/visilab.etsii.uclm.es\/?page_id=440","name":"People Visilab | Computer Vision and Artificial Intelligence research group","isPartOf":{"@id":"https:\/\/visilab.etsii.uclm.es\/#website"},"primaryImageOfPage":{"@id":"https:\/\/visilab.etsii.uclm.es\/?page_id=440#primaryimage"},"image":{"@id":"https:\/\/visilab.etsii.uclm.es\/?page_id=440#primaryimage"},"thumbnailUrl":"http:\/\/visilab.etsii.uclm.es\/wp-content\/uploads\/2017\/05\/gloria-bueno.png","datePublished":"2015-02-16T19:35:13+00:00","dateModified":"2024-12-20T10:41:00+00:00","description":"The VISILAB research group is formed by a number of professors and researchers from Universidad de Castilla-La Mancha (UCLM) at Ciudad Real.","breadcrumb":{"@id":"https:\/\/visilab.etsii.uclm.es\/?page_id=440#breadcrumb"},"inLanguage":"es","potentialAction":[{"@type":"ReadAction","target":["https:\/\/visilab.etsii.uclm.es\/?page_id=440"]}]},{"@type":"ImageObject","inLanguage":"es","@id":"https:\/\/visilab.etsii.uclm.es\/?page_id=440#primaryimage","url":"http:\/\/visilab.etsii.uclm.es\/wp-content\/uploads\/2017\/05\/gloria-bueno.png","contentUrl":"http:\/\/visilab.etsii.uclm.es\/wp-content\/uploads\/2017\/05\/gloria-bueno.png"},{"@type":"BreadcrumbList","@id":"https:\/\/visilab.etsii.uclm.es\/?page_id=440#breadcrumb","itemListElement":[{"@type":"ListItem","position":1,"name":"Portada","item":"http:\/\/visilab.etsii.uclm.es\/?page_id=1029"},{"@type":"ListItem","position":2,"name":"People"}]},{"@type":"WebSite","@id":"https:\/\/visilab.etsii.uclm.es\/#website","url":"https:\/\/visilab.etsii.uclm.es\/","name":"VISILAB","description":"Grupo de Visi\u00f3n y Sistemas Inteligentes UCLM","potentialAction":[{"@type":"SearchAction","target":{"@type":"EntryPoint","urlTemplate":"https:\/\/visilab.etsii.uclm.es\/?s={search_term_string}"},"query-input":{"@type":"PropertyValueSpecification","valueRequired":true,"valueName":"search_term_string"}}],"inLanguage":"es"}]}},"jetpack_sharing_enabled":true,"jetpack_shortlink":"https:\/\/wp.me\/P5HIwh-76","_links":{"self":[{"href":"https:\/\/visilab.etsii.uclm.es\/index.php?rest_route=\/wp\/v2\/pages\/440","targetHints":{"allow":["GET"]}}],"collection":[{"href":"https:\/\/visilab.etsii.uclm.es\/index.php?rest_route=\/wp\/v2\/pages"}],"about":[{"href":"https:\/\/visilab.etsii.uclm.es\/index.php?rest_route=\/wp\/v2\/types\/page"}],"author":[{"embeddable":true,"href":"https:\/\/visilab.etsii.uclm.es\/index.php?rest_route=\/wp\/v2\/users\/1"}],"replies":[{"embeddable":true,"href":"https:\/\/visilab.etsii.uclm.es\/index.php?rest_route=%2Fwp%2Fv2%2Fcomments&post=440"}],"version-history":[{"count":134,"href":"https:\/\/visilab.etsii.uclm.es\/index.php?rest_route=\/wp\/v2\/pages\/440\/revisions"}],"predecessor-version":[{"id":3737,"href":"https:\/\/visilab.etsii.uclm.es\/index.php?rest_route=\/wp\/v2\/pages\/440\/revisions\/3737"}],"wp:attachment":[{"href":"https:\/\/visilab.etsii.uclm.es\/index.php?rest_route=%2Fwp%2Fv2%2Fmedia&parent=440"}],"curies":[{"name":"wp","href":"https:\/\/api.w.org\/{rel}","templated":true}]}}